{"id":1349,"date":"2025-09-01T23:02:35","date_gmt":"2025-09-01T21:02:35","guid":{"rendered":"https:\/\/www.alykanya.fr\/?page_id=1349"},"modified":"2025-10-08T20:04:00","modified_gmt":"2025-10-08T18:04:00","slug":"ouest-ecstatic-festival","status":"publish","type":"page","link":"https:\/\/www.alykanya.fr\/index.php\/ouest-ecstatic-festival\/","title":{"rendered":"Ouest Ecstatic Festival"},"content":{"rendered":"\t\t<div data-elementor-type=\"wp-page\" data-elementor-id=\"1349\" class=\"elementor elementor-1349\">\n\t\t\t\t<div class=\"elementor-element elementor-element-c401cbd e-flex e-con-boxed e-con e-parent\" data-id=\"c401cbd\" data-element_type=\"container\" data-e-type=\"container\">\n\t\t\t\t\t<div class=\"e-con-inner\">\n\t\t\t\t<div class=\"elementor-element elementor-element-7d7591d elementor-widget elementor-widget-text-editor\" data-id=\"7d7591d\" data-element_type=\"widget\" data-e-type=\"widget\" data-widget_type=\"text-editor.default\">\n\t\t\t\t<div class=\"elementor-widget-container\">\n\t\t\t\t\t\t\t\t\t<h2 data-start=\"301\" data-end=\"354\">Ouest Ecstatic Festival \u2013 1\u00e8re \u00e9dition | Ao\u00fbt 2025<\/h2><p data-start=\"356\" data-end=\"784\"><strong data-start=\"356\" data-end=\"457\">Faire na\u00eetre l\u2019identit\u00e9 d\u2019un festival en quelques mois \u00e9tait un vrai d\u00e9fi\u2026 et un voyage magique !<\/strong><br data-start=\"457\" data-end=\"460\" \/>Lorsque nous avons commenc\u00e9 ce projet d\u00e9but avril 2025, notre ambition \u00e9tait de cr\u00e9er un festival qui refl\u00e8te la libert\u00e9, la danse, la joie et la connexion. En ao\u00fbt, la premi\u00e8re \u00e9dition du <strong data-start=\"649\" data-end=\"676\">Ouest Ecstatic Festival<\/strong> a vu le jour, rayonnante et vivante, et j\u2019ai eu la chance d\u2019en \u00eatre l\u2019une des fondatrices et co-cr\u00e9atrices.<\/p><h3 data-start=\"786\" data-end=\"815\">Mon r\u00f4le dans le festival<\/h3><p data-start=\"816\" data-end=\"1026\">En tant que <strong data-start=\"828\" data-end=\"875\">magicienne de la communication et du visuel<\/strong>, j\u2019ai eu la responsabilit\u00e9 de donner une voix et un visage au festival, pour que chaque image, chaque mot et chaque publication refl\u00e8te son essence.<\/p><p data-start=\"1028\" data-end=\"1067\">Voici ce que j\u2019ai cr\u00e9\u00e9 et orchestr\u00e9\u202f:<\/p><ul data-start=\"1068\" data-end=\"1483\"><li data-start=\"1068\" data-end=\"1145\"><p data-start=\"1070\" data-end=\"1145\">D\u00e9finition et mise en \u0153uvre de <strong data-start=\"1101\" data-end=\"1143\">la vision et de l\u2019identit\u00e9 du festival<\/strong><\/p><\/li><li data-start=\"1146\" data-end=\"1203\"><p data-start=\"1148\" data-end=\"1203\">\u00c9laboration de <strong data-start=\"1163\" data-end=\"1201\">la charte graphique et des valeurs<\/strong><\/p><\/li><li data-start=\"1204\" data-end=\"1244\"><p data-start=\"1206\" data-end=\"1244\">Gestion et animation du <strong data-start=\"1230\" data-end=\"1242\">site web<\/strong><\/p><\/li><li data-start=\"1245\" data-end=\"1321\"><p data-start=\"1247\" data-end=\"1321\">Conception des <strong data-start=\"1262\" data-end=\"1282\">supports visuels<\/strong>\u202f: affiches, programmes, formulaires\u2026<\/p><\/li><li data-start=\"1322\" data-end=\"1393\"><p data-start=\"1324\" data-end=\"1393\">Mise en avant des <strong data-start=\"1342\" data-end=\"1391\">artistes, intervenants, stands et food-trucks<\/strong><\/p><\/li><li data-start=\"1394\" data-end=\"1483\"><p data-start=\"1396\" data-end=\"1483\">Animation des <strong data-start=\"1410\" data-end=\"1429\">r\u00e9seaux sociaux<\/strong> avec des partages vivants, inspirants et structur\u00e9s<\/p><\/li><\/ul><p data-start=\"1485\" data-end=\"1686\">Chaque \u00e9tape a \u00e9t\u00e9 pens\u00e9e pour que la communication incarne l\u2019esprit du festival\u202f: claire, coh\u00e9rente, inspirante et chaleureuse, avec cette touche de <strong data-start=\"1635\" data-end=\"1666\">bienveillance et de douceur<\/strong> qui me caract\u00e9rise.<\/p><h3 data-start=\"1688\" data-end=\"1709\">Sur le dancefloor<\/h3><p data-start=\"1710\" data-end=\"1896\">Et bien s\u00fbr, j\u2019ai eu la joie de <strong data-start=\"1742\" data-end=\"1773\">mettre le feu au dancefloor<\/strong> avec mon set d\u2019ouverture <strong data-start=\"1799\" data-end=\"1817\">Ecstatic Dance<\/strong>, lan\u00e7ant le festival sur des vibrations hautes, joyeuses et connect\u00e9es. \ud83c\udf1e\ud83d\udc83<\/p><hr data-start=\"1898\" data-end=\"1901\" \/><h3 data-start=\"1903\" data-end=\"1928\">Ce que \u00e7a m\u2019a apport\u00e9<\/h3><p data-start=\"1929\" data-end=\"2215\">Cette premi\u00e8re \u00e9dition a \u00e9t\u00e9 un succ\u00e8s incroyable et une exp\u00e9rience humaine intense. Collaborer avec toute l\u2019\u00e9quipe, dans un esprit de <strong data-start=\"2064\" data-end=\"2103\">co-cr\u00e9ation fluide et bienveillante<\/strong>, a \u00e9t\u00e9 un vrai cadeau. Voir le festival rayonner et toucher tant de personnes est ma plus grande fiert\u00e9. \ud83d\udc9b\ud83c\udf08<\/p>\t\t\t\t\t\t\t\t<\/div>\n\t\t\t\t<\/div>\n\t\t\t\t\t<\/div>\n\t\t\t\t<\/div>\n\t\t\t\t<\/div>\n\t\t","protected":false},"excerpt":{"rendered":"<p>Ouest Ecstatic Festival \u2013 1\u00e8re \u00e9dition | Ao\u00fbt 2025 Faire na\u00eetre l\u2019identit\u00e9 d\u2019un festival en quelques mois \u00e9tait un vrai d\u00e9fi\u2026 et un voyage magique !Lorsque nous avons commenc\u00e9 ce projet d\u00e9but avril 2025, notre ambition \u00e9tait de cr\u00e9er un festival qui refl\u00e8te la libert\u00e9, la danse, la joie et la connexion. En ao\u00fbt, la [&hellip;]<\/p>\n","protected":false},"author":1,"featured_media":0,"parent":0,"menu_order":0,"comment_status":"closed","ping_status":"closed","template":"elementor_header_footer","meta":{"ocean_post_layout":"","ocean_both_sidebars_style":"","ocean_both_sidebars_content_width":0,"ocean_both_sidebars_sidebars_width":0,"ocean_sidebar":"","ocean_second_sidebar":"","ocean_disable_margins":"enable","ocean_add_body_class":"","ocean_shortcode_before_top_bar":"","ocean_shortcode_after_top_bar":"","ocean_shortcode_before_header":"","ocean_shortcode_after_header":"","ocean_has_shortcode":"","ocean_shortcode_after_title":"","ocean_shortcode_before_footer_widgets":"","ocean_shortcode_after_footer_widgets":"","ocean_shortcode_before_footer_bottom":"","ocean_shortcode_after_footer_bottom":"","ocean_display_top_bar":"default","ocean_display_header":"default","ocean_header_style":"","ocean_center_header_left_menu":"","ocean_custom_header_template":"","ocean_custom_logo":0,"ocean_custom_retina_logo":0,"ocean_custom_logo_max_width":0,"ocean_custom_logo_tablet_max_width":0,"ocean_custom_logo_mobile_max_width":0,"ocean_custom_logo_max_height":0,"ocean_custom_logo_tablet_max_height":0,"ocean_custom_logo_mobile_max_height":0,"ocean_header_custom_menu":"","ocean_menu_typo_font_family":"","ocean_menu_typo_font_subset":"","ocean_menu_typo_font_size":0,"ocean_menu_typo_font_size_tablet":0,"ocean_menu_typo_font_size_mobile":0,"ocean_menu_typo_font_size_unit":"px","ocean_menu_typo_font_weight":"","ocean_menu_typo_font_weight_tablet":"","ocean_menu_typo_font_weight_mobile":"","ocean_menu_typo_transform":"","ocean_menu_typo_transform_tablet":"","ocean_menu_typo_transform_mobile":"","ocean_menu_typo_line_height":0,"ocean_menu_typo_line_height_tablet":0,"ocean_menu_typo_line_height_mobile":0,"ocean_menu_typo_line_height_unit":"","ocean_menu_typo_spacing":0,"ocean_menu_typo_spacing_tablet":0,"ocean_menu_typo_spacing_mobile":0,"ocean_menu_typo_spacing_unit":"","ocean_menu_link_color":"","ocean_menu_link_color_hover":"","ocean_menu_link_color_active":"","ocean_menu_link_background":"","ocean_menu_link_hover_background":"","ocean_menu_link_active_background":"","ocean_menu_social_links_bg":"","ocean_menu_social_hover_links_bg":"","ocean_menu_social_links_color":"","ocean_menu_social_hover_links_color":"","ocean_disable_title":"default","ocean_disable_heading":"default","ocean_post_title":"","ocean_post_subheading":"","ocean_post_title_style":"","ocean_post_title_background_color":"","ocean_post_title_background":0,"ocean_post_title_bg_image_position":"","ocean_post_title_bg_image_attachment":"","ocean_post_title_bg_image_repeat":"","ocean_post_title_bg_image_size":"","ocean_post_title_height":0,"ocean_post_title_bg_overlay":0.5,"ocean_post_title_bg_overlay_color":"","ocean_disable_breadcrumbs":"default","ocean_breadcrumbs_color":"","ocean_breadcrumbs_separator_color":"","ocean_breadcrumbs_links_color":"","ocean_breadcrumbs_links_hover_color":"","ocean_display_footer_widgets":"default","ocean_display_footer_bottom":"default","ocean_custom_footer_template":"","omw_enable_modal_window":"enable","footnotes":""},"class_list":["post-1349","page","type-page","status-publish","hentry","entry"],"yoast_head":"<!-- This site is optimized with the Yoast SEO plugin v26.1.1 - https:\/\/yoast.com\/wordpress\/plugins\/seo\/ -->\n<title>Ouest Ecstatic Festival \u2013 Danse, musique et bien-\u00eatre au Domaine de la Ruade<\/title>\n<meta name=\"description\" content=\"Participe au Ouest Ecstatic Festival au Domaine de la Ruade : 3 jours de danse, musique, soins et c\u00e9l\u00e9bration. Rejoins Alykanya et une communaut\u00e9 vibrante pour une exp\u00e9rience immersive et joyeuse.\" \/>\n<meta name=\"robots\" content=\"index, follow, max-snippet:-1, max-image-preview:large, max-video-preview:-1\" \/>\n<link rel=\"canonical\" href=\"https:\/\/www.alykanya.fr\/index.php\/ouest-ecstatic-festival\/\" \/>\n<meta property=\"og:locale\" content=\"fr_FR\" \/>\n<meta property=\"og:type\" content=\"article\" \/>\n<meta property=\"og:title\" content=\"Ouest Ecstatic Festival \u2013 Danse, musique et bien-\u00eatre au Domaine de la Ruade\" \/>\n<meta property=\"og:description\" content=\"Participe au Ouest Ecstatic Festival au Domaine de la Ruade : 3 jours de danse, musique, soins et c\u00e9l\u00e9bration. Rejoins Alykanya et une communaut\u00e9 vibrante pour une exp\u00e9rience immersive et joyeuse.\" \/>\n<meta property=\"og:url\" content=\"https:\/\/www.alykanya.fr\/index.php\/ouest-ecstatic-festival\/\" \/>\n<meta property=\"og:site_name\" content=\"Alykanya.fr\" \/>\n<meta property=\"article:modified_time\" content=\"2025-10-08T18:04:00+00:00\" \/>\n<meta property=\"og:image\" content=\"https:\/\/www.alykanya.fr\/wp-content\/uploads\/2025\/10\/Prochaines-dates2-1.png\" \/>\n\t<meta property=\"og:image:width\" content=\"866\" \/>\n\t<meta property=\"og:image:height\" content=\"325\" \/>\n\t<meta property=\"og:image:type\" content=\"image\/png\" \/>\n<meta name=\"twitter:card\" content=\"summary_large_image\" \/>\n<meta name=\"twitter:label1\" content=\"Dur\u00e9e de lecture estim\u00e9e\" \/>\n\t<meta name=\"twitter:data1\" content=\"2 minutes\" \/>\n<script type=\"application\/ld+json\" class=\"yoast-schema-graph\">{\"@context\":\"https:\/\/schema.org\",\"@graph\":[{\"@type\":\"WebPage\",\"@id\":\"https:\/\/www.alykanya.fr\/index.php\/ouest-ecstatic-festival\/\",\"url\":\"https:\/\/www.alykanya.fr\/index.php\/ouest-ecstatic-festival\/\",\"name\":\"Ouest Ecstatic Festival \u2013 Danse, musique et bien-\u00eatre au Domaine de la Ruade\",\"isPartOf\":{\"@id\":\"https:\/\/www.alykanya.fr\/#website\"},\"datePublished\":\"2025-09-01T21:02:35+00:00\",\"dateModified\":\"2025-10-08T18:04:00+00:00\",\"description\":\"Participe au Ouest Ecstatic Festival au Domaine de la Ruade : 3 jours de danse, musique, soins et c\u00e9l\u00e9bration. Rejoins Alykanya et une communaut\u00e9 vibrante pour une exp\u00e9rience immersive et joyeuse.\",\"breadcrumb\":{\"@id\":\"https:\/\/www.alykanya.fr\/index.php\/ouest-ecstatic-festival\/#breadcrumb\"},\"inLanguage\":\"fr-FR\",\"potentialAction\":[{\"@type\":\"ReadAction\",\"target\":[\"https:\/\/www.alykanya.fr\/index.php\/ouest-ecstatic-festival\/\"]}]},{\"@type\":\"BreadcrumbList\",\"@id\":\"https:\/\/www.alykanya.fr\/index.php\/ouest-ecstatic-festival\/#breadcrumb\",\"itemListElement\":[{\"@type\":\"ListItem\",\"position\":1,\"name\":\"Accueil\",\"item\":\"https:\/\/www.alykanya.fr\/\"},{\"@type\":\"ListItem\",\"position\":2,\"name\":\"Ouest Ecstatic Festival\"}]},{\"@type\":\"WebSite\",\"@id\":\"https:\/\/www.alykanya.fr\/#website\",\"url\":\"https:\/\/www.alykanya.fr\/\",\"name\":\"Alykanya.fr\",\"description\":\"D\u00e9couvrez les danses, concerts et ateliers \u00e0 venir\",\"publisher\":{\"@id\":\"https:\/\/www.alykanya.fr\/#\/schema\/person\/1f5855179a0abf33c222b1156fa7e28e\"},\"potentialAction\":[{\"@type\":\"SearchAction\",\"target\":{\"@type\":\"EntryPoint\",\"urlTemplate\":\"https:\/\/www.alykanya.fr\/?s={search_term_string}\"},\"query-input\":{\"@type\":\"PropertyValueSpecification\",\"valueRequired\":true,\"valueName\":\"search_term_string\"}}],\"inLanguage\":\"fr-FR\"},{\"@type\":[\"Person\",\"Organization\"],\"@id\":\"https:\/\/www.alykanya.fr\/#\/schema\/person\/1f5855179a0abf33c222b1156fa7e28e\",\"name\":\"Alykanya\",\"image\":{\"@type\":\"ImageObject\",\"inLanguage\":\"fr-FR\",\"@id\":\"https:\/\/www.alykanya.fr\/#\/schema\/person\/image\/\",\"url\":\"https:\/\/www.alykanya.fr\/wp-content\/uploads\/2025\/05\/cropped-cropped-cropped-Design-sans-titre-6.png\",\"contentUrl\":\"https:\/\/www.alykanya.fr\/wp-content\/uploads\/2025\/05\/cropped-cropped-cropped-Design-sans-titre-6.png\",\"width\":81,\"height\":63,\"caption\":\"Alykanya\"},\"logo\":{\"@id\":\"https:\/\/www.alykanya.fr\/#\/schema\/person\/image\/\"},\"sameAs\":[\"http:\/\/alykanw.cluster100.hosting.ovh.net\",\"https:\/\/soundcloud.com\/alykanya\/\"]}]}<\/script>\n<!-- \/ Yoast SEO plugin. -->","yoast_head_json":{"title":"Ouest Ecstatic Festival \u2013 Danse, musique et bien-\u00eatre au Domaine de la Ruade","description":"Participe au Ouest Ecstatic Festival au Domaine de la Ruade : 3 jours de danse, musique, soins et c\u00e9l\u00e9bration. Rejoins Alykanya et une communaut\u00e9 vibrante pour une exp\u00e9rience immersive et joyeuse.","robots":{"index":"index","follow":"follow","max-snippet":"max-snippet:-1","max-image-preview":"max-image-preview:large","max-video-preview":"max-video-preview:-1"},"canonical":"https:\/\/www.alykanya.fr\/index.php\/ouest-ecstatic-festival\/","og_locale":"fr_FR","og_type":"article","og_title":"Ouest Ecstatic Festival \u2013 Danse, musique et bien-\u00eatre au Domaine de la Ruade","og_description":"Participe au Ouest Ecstatic Festival au Domaine de la Ruade : 3 jours de danse, musique, soins et c\u00e9l\u00e9bration. Rejoins Alykanya et une communaut\u00e9 vibrante pour une exp\u00e9rience immersive et joyeuse.","og_url":"https:\/\/www.alykanya.fr\/index.php\/ouest-ecstatic-festival\/","og_site_name":"Alykanya.fr","article_modified_time":"2025-10-08T18:04:00+00:00","og_image":[{"width":866,"height":325,"url":"https:\/\/www.alykanya.fr\/wp-content\/uploads\/2025\/10\/Prochaines-dates2-1.png","type":"image\/png"}],"twitter_card":"summary_large_image","twitter_misc":{"Dur\u00e9e de lecture estim\u00e9e":"2 minutes"},"schema":{"@context":"https:\/\/schema.org","@graph":[{"@type":"WebPage","@id":"https:\/\/www.alykanya.fr\/index.php\/ouest-ecstatic-festival\/","url":"https:\/\/www.alykanya.fr\/index.php\/ouest-ecstatic-festival\/","name":"Ouest Ecstatic Festival \u2013 Danse, musique et bien-\u00eatre au Domaine de la Ruade","isPartOf":{"@id":"https:\/\/www.alykanya.fr\/#website"},"datePublished":"2025-09-01T21:02:35+00:00","dateModified":"2025-10-08T18:04:00+00:00","description":"Participe au Ouest Ecstatic Festival au Domaine de la Ruade : 3 jours de danse, musique, soins et c\u00e9l\u00e9bration. Rejoins Alykanya et une communaut\u00e9 vibrante pour une exp\u00e9rience immersive et joyeuse.","breadcrumb":{"@id":"https:\/\/www.alykanya.fr\/index.php\/ouest-ecstatic-festival\/#breadcrumb"},"inLanguage":"fr-FR","potentialAction":[{"@type":"ReadAction","target":["https:\/\/www.alykanya.fr\/index.php\/ouest-ecstatic-festival\/"]}]},{"@type":"BreadcrumbList","@id":"https:\/\/www.alykanya.fr\/index.php\/ouest-ecstatic-festival\/#breadcrumb","itemListElement":[{"@type":"ListItem","position":1,"name":"Accueil","item":"https:\/\/www.alykanya.fr\/"},{"@type":"ListItem","position":2,"name":"Ouest Ecstatic Festival"}]},{"@type":"WebSite","@id":"https:\/\/www.alykanya.fr\/#website","url":"https:\/\/www.alykanya.fr\/","name":"Alykanya.fr","description":"D\u00e9couvrez les danses, concerts et ateliers \u00e0 venir","publisher":{"@id":"https:\/\/www.alykanya.fr\/#\/schema\/person\/1f5855179a0abf33c222b1156fa7e28e"},"potentialAction":[{"@type":"SearchAction","target":{"@type":"EntryPoint","urlTemplate":"https:\/\/www.alykanya.fr\/?s={search_term_string}"},"query-input":{"@type":"PropertyValueSpecification","valueRequired":true,"valueName":"search_term_string"}}],"inLanguage":"fr-FR"},{"@type":["Person","Organization"],"@id":"https:\/\/www.alykanya.fr\/#\/schema\/person\/1f5855179a0abf33c222b1156fa7e28e","name":"Alykanya","image":{"@type":"ImageObject","inLanguage":"fr-FR","@id":"https:\/\/www.alykanya.fr\/#\/schema\/person\/image\/","url":"https:\/\/www.alykanya.fr\/wp-content\/uploads\/2025\/05\/cropped-cropped-cropped-Design-sans-titre-6.png","contentUrl":"https:\/\/www.alykanya.fr\/wp-content\/uploads\/2025\/05\/cropped-cropped-cropped-Design-sans-titre-6.png","width":81,"height":63,"caption":"Alykanya"},"logo":{"@id":"https:\/\/www.alykanya.fr\/#\/schema\/person\/image\/"},"sameAs":["http:\/\/alykanw.cluster100.hosting.ovh.net","https:\/\/soundcloud.com\/alykanya\/"]}]}},"_links":{"self":[{"href":"https:\/\/www.alykanya.fr\/index.php\/wp-json\/wp\/v2\/pages\/1349","targetHints":{"allow":["GET"]}}],"collection":[{"href":"https:\/\/www.alykanya.fr\/index.php\/wp-json\/wp\/v2\/pages"}],"about":[{"href":"https:\/\/www.alykanya.fr\/index.php\/wp-json\/wp\/v2\/types\/page"}],"author":[{"embeddable":true,"href":"https:\/\/www.alykanya.fr\/index.php\/wp-json\/wp\/v2\/users\/1"}],"replies":[{"embeddable":true,"href":"https:\/\/www.alykanya.fr\/index.php\/wp-json\/wp\/v2\/comments?post=1349"}],"version-history":[{"count":5,"href":"https:\/\/www.alykanya.fr\/index.php\/wp-json\/wp\/v2\/pages\/1349\/revisions"}],"predecessor-version":[{"id":1389,"href":"https:\/\/www.alykanya.fr\/index.php\/wp-json\/wp\/v2\/pages\/1349\/revisions\/1389"}],"wp:attachment":[{"href":"https:\/\/www.alykanya.fr\/index.php\/wp-json\/wp\/v2\/media?parent=1349"}],"curies":[{"name":"wp","href":"https:\/\/api.w.org\/{rel}","templated":true}]}}