{"id":1325,"date":"2025-09-01T22:55:43","date_gmt":"2025-09-01T20:55:43","guid":{"rendered":"https:\/\/www.alykanya.fr\/?page_id=1325"},"modified":"2025-11-17T20:17:53","modified_gmt":"2025-11-17T19:17:53","slug":"concerts-tous-nes-pour-briller","status":"publish","type":"page","link":"https:\/\/www.alykanya.fr\/index.php\/concerts-tous-nes-pour-briller\/","title":{"rendered":"Concerts"},"content":{"rendered":"\t\t<div data-elementor-type=\"wp-page\" data-elementor-id=\"1325\" class=\"elementor elementor-1325\">\n\t\t\t\t<div class=\"elementor-element elementor-element-d36393a e-flex e-con-boxed e-con e-parent\" data-id=\"d36393a\" data-element_type=\"container\" data-e-type=\"container\">\n\t\t\t\t\t<div class=\"e-con-inner\">\n\t\t\t\t<div class=\"elementor-element elementor-element-30ecc5e elementor-widget elementor-widget-text-editor\" data-id=\"30ecc5e\" data-element_type=\"widget\" data-e-type=\"widget\" data-widget_type=\"text-editor.default\">\n\t\t\t\t<div class=\"elementor-widget-container\">\n\t\t\t\t\t\t\t\t\t<h3 data-start=\"106\" data-end=\"186\"><strong data-start=\"110\" data-end=\"186\">Alykanya \u2013 Chants et musiques vibratoires, une \u0153uvre sensible et solaire<\/strong><\/h3>\n<p data-start=\"188\" data-end=\"504\">En tant qu\u2019artiste du mouvement, de la voix et de la vibration, je prends aujourd\u2019hui pleinement mon envol en solo.<br data-start=\"303\" data-end=\"306\">Sous le nom d\u2019<strong data-start=\"320\" data-end=\"332\">Alykanya<\/strong>, je cr\u00e9e et partage un univers musical qui m\u2019est propre : <strong data-start=\"391\" data-end=\"449\">des chants et paysages sonores issus de ma sensibilit\u00e9<\/strong>, de mon v\u00e9cu, et de mon envie profonde de transmettre.<\/p>\n<h3 data-start=\"506\" data-end=\"533\"><strong data-start=\"510\" data-end=\"533\">Mon univers musical<\/strong><\/h3>\n<p data-start=\"535\" data-end=\"1058\">\ud83c\udf1e <strong data-start=\"538\" data-end=\"566\">Des chansons principalement en fran\u00e7ais<\/strong>, simples, accessibles, qui parlent au c\u0153ur et \u00e0 l\u2019\u00e2me<br data-start=\"620\" data-end=\"623\">\ud83c\udf2c\ufe0f <strong data-start=\"627\" data-end=\"727\">Mes cr\u00e9ations sonores m\u00ealent instruments, voix, textures num\u00e9riques et bandes sonores immersives<\/strong><br data-start=\"727\" data-end=\"730\">\ud83e\udd41 <strong data-start=\"733\" data-end=\"761\">Des percussions vivantes<\/strong>, parfois jou\u00e9es par moi-m\u00eame, parfois accompagn\u00e9es d\u2019autres musiciens selon les occasions<br data-start=\"851\" data-end=\"854\">\u2728 <strong data-start=\"856\" data-end=\"906\">Une \u00e9nergie sensible, solaire et introspective<\/strong>, invitant chacun \u00e0 ressentir, chanter et se relier<br data-start=\"957\" data-end=\"960\">\ud83c\udf0d <strong data-start=\"963\" data-end=\"1001\">Un m\u00e9lange de cr\u00e9ations originales<\/strong> et, parfois, d\u2019inspirations issues des chants du monde<\/p>\n<h3 data-start=\"1060\" data-end=\"1086\"><strong data-start=\"1064\" data-end=\"1086\">En concert, c\u2019est\u2026<\/strong><\/h3>\n<p data-start=\"1088\" data-end=\"1402\">\ud83d\udc9b Un moment chaleureux et humain<br data-start=\"1180\" data-end=\"1183\">\ud83c\udfb6 Une atmosph\u00e8re intimiste, joyeuse, authentique<br data-start=\"1232\" data-end=\"1235\">\ud83c\udf31 Une exp\u00e9rience sonore et humaine, qui peut se vivre aussi bien en petit comit\u00e9 que devant un large groupe<br data-start=\"1343\" data-end=\"1346\">\u2728 Un espace o\u00f9 la musique touche, relie, apaise et \u00e9l\u00e8ve<\/p>\n<h3 data-start=\"1404\" data-end=\"1429\"><strong data-start=\"1408\" data-end=\"1429\">O\u00f9 me retrouver ?<\/strong><\/h3>\n<p data-start=\"1431\" data-end=\"1478\">J\u2019interviens dans une grande vari\u00e9t\u00e9 de lieux :<\/p>\n<ul data-start=\"1480\" data-end=\"1684\">\n<li data-start=\"1480\" data-end=\"1519\">\n<p data-start=\"1482\" data-end=\"1519\">Bars, restaurants et sc\u00e8nes locales<\/p>\n<\/li>\n<li data-start=\"1520\" data-end=\"1557\">\n<p data-start=\"1522\" data-end=\"1557\">Festivals et \u00e9v\u00e9nements culturels<\/p>\n<\/li>\n<li data-start=\"1558\" data-end=\"1628\">\n<p data-start=\"1560\" data-end=\"1628\">\u00c9v\u00e9nements priv\u00e9s (mariages, anniversaires, retraites, c\u00e9r\u00e9monies)<\/p>\n<\/li>\n<li data-start=\"1629\" data-end=\"1684\">\n<p data-start=\"1631\" data-end=\"1684\">Associations, espaces bien-\u00eatre, lieux ressour\u00e7ants<\/p>\n<\/li>\n<\/ul>\n<h3 data-start=\"1686\" data-end=\"1723\"><strong data-start=\"1690\" data-end=\"1723\">Un album en cours de cr\u00e9ation<\/strong><\/h3>\n<p data-start=\"1725\" data-end=\"1980\">Un premier album est en pr\u00e9paration, r\u00e9unissant mes chansons et cr\u00e9ations vibratoires.<br data-start=\"1811\" data-end=\"1814\">Un projet qui grandit pas \u00e0 pas, nourri par votre soutien et par l\u2019\u00e9lan de partager toujours plus largement ces musiques porteuses de joie, de douceur et de reliance.<\/p>\n<p data-start=\"1982\" data-end=\"2110\">\ud83d\udc49 <strong data-start=\"1985\" data-end=\"2073\">Pour organiser un concert, une session ou accueillir Alykanya dans votre \u00e9v\u00e9nement :<\/strong><br data-start=\"2073\" data-end=\"2076\">\ud83d\udce7contact@alykanya.fr<\/p>\t\t\t\t\t\t\t\t<\/div>\n\t\t\t\t<\/div>\n\t\t\t\t\t<\/div>\n\t\t\t\t<\/div>\n\t\t\t\t<\/div>\n\t\t","protected":false},"excerpt":{"rendered":"<p>Alykanya \u2013 Chants et musiques vibratoires, une \u0153uvre sensible et solaire En tant qu\u2019artiste du mouvement, de la voix et de la vibration, je prends aujourd\u2019hui pleinement mon envol en solo.Sous le nom d\u2019Alykanya, je cr\u00e9e et partage un univers musical qui m\u2019est propre : des chants et paysages sonores issus de ma sensibilit\u00e9, de [&hellip;]<\/p>\n","protected":false},"author":1,"featured_media":2015,"parent":0,"menu_order":0,"comment_status":"closed","ping_status":"closed","template":"elementor_header_footer","meta":{"ocean_post_layout":"","ocean_both_sidebars_style":"","ocean_both_sidebars_content_width":0,"ocean_both_sidebars_sidebars_width":0,"ocean_sidebar":"","ocean_second_sidebar":"","ocean_disable_margins":"enable","ocean_add_body_class":"","ocean_shortcode_before_top_bar":"","ocean_shortcode_after_top_bar":"","ocean_shortcode_before_header":"","ocean_shortcode_after_header":"","ocean_has_shortcode":"","ocean_shortcode_after_title":"","ocean_shortcode_before_footer_widgets":"","ocean_shortcode_after_footer_widgets":"","ocean_shortcode_before_footer_bottom":"","ocean_shortcode_after_footer_bottom":"","ocean_display_top_bar":"default","ocean_display_header":"default","ocean_header_style":"","ocean_center_header_left_menu":"","ocean_custom_header_template":"","ocean_custom_logo":0,"ocean_custom_retina_logo":0,"ocean_custom_logo_max_width":0,"ocean_custom_logo_tablet_max_width":0,"ocean_custom_logo_mobile_max_width":0,"ocean_custom_logo_max_height":0,"ocean_custom_logo_tablet_max_height":0,"ocean_custom_logo_mobile_max_height":0,"ocean_header_custom_menu":"","ocean_menu_typo_font_family":"","ocean_menu_typo_font_subset":"","ocean_menu_typo_font_size":0,"ocean_menu_typo_font_size_tablet":0,"ocean_menu_typo_font_size_mobile":0,"ocean_menu_typo_font_size_unit":"px","ocean_menu_typo_font_weight":"","ocean_menu_typo_font_weight_tablet":"","ocean_menu_typo_font_weight_mobile":"","ocean_menu_typo_transform":"","ocean_menu_typo_transform_tablet":"","ocean_menu_typo_transform_mobile":"","ocean_menu_typo_line_height":0,"ocean_menu_typo_line_height_tablet":0,"ocean_menu_typo_line_height_mobile":0,"ocean_menu_typo_line_height_unit":"","ocean_menu_typo_spacing":0,"ocean_menu_typo_spacing_tablet":0,"ocean_menu_typo_spacing_mobile":0,"ocean_menu_typo_spacing_unit":"","ocean_menu_link_color":"","ocean_menu_link_color_hover":"","ocean_menu_link_color_active":"","ocean_menu_link_background":"","ocean_menu_link_hover_background":"","ocean_menu_link_active_background":"","ocean_menu_social_links_bg":"","ocean_menu_social_hover_links_bg":"","ocean_menu_social_links_color":"","ocean_menu_social_hover_links_color":"","ocean_disable_title":"default","ocean_disable_heading":"default","ocean_post_title":"","ocean_post_subheading":"","ocean_post_title_style":"","ocean_post_title_background_color":"","ocean_post_title_background":0,"ocean_post_title_bg_image_position":"","ocean_post_title_bg_image_attachment":"","ocean_post_title_bg_image_repeat":"","ocean_post_title_bg_image_size":"","ocean_post_title_height":0,"ocean_post_title_bg_overlay":0.5,"ocean_post_title_bg_overlay_color":"","ocean_disable_breadcrumbs":"default","ocean_breadcrumbs_color":"","ocean_breadcrumbs_separator_color":"","ocean_breadcrumbs_links_color":"","ocean_breadcrumbs_links_hover_color":"","ocean_display_footer_widgets":"default","ocean_display_footer_bottom":"default","ocean_custom_footer_template":"","omw_enable_modal_window":"enable","footnotes":""},"class_list":["post-1325","page","type-page","status-publish","has-post-thumbnail","hentry","entry","has-media"],"yoast_head":"<!-- This site is optimized with the Yoast SEO plugin v26.1.1 - https:\/\/yoast.com\/wordpress\/plugins\/seo\/ -->\n<title>Concerts \u00ab Tous N\u00e9s Pour Briller \u00bb \u2013 Chansons bien-\u00eatre et concerts acoustiques en Vend\u00e9e avec Alykanya &amp; Florent Louvard<\/title>\n<meta name=\"description\" content=\"D\u00e9couvrez les concerts \u00ab Tous N\u00e9s Pour Briller \u00bb : des chansons en fran\u00e7ais, des percussions vivantes et une \u00e9nergie de partage pour chanter ensemble et se relier. En duo avec Florent Louvard, Alykanya propose des concerts chaleureux et vibrants en Vend\u00e9e.\" \/>\n<meta name=\"robots\" content=\"index, follow, max-snippet:-1, max-image-preview:large, max-video-preview:-1\" \/>\n<link rel=\"canonical\" href=\"https:\/\/www.alykanya.fr\/index.php\/concerts-tous-nes-pour-briller\/\" \/>\n<meta property=\"og:locale\" content=\"fr_FR\" \/>\n<meta property=\"og:type\" content=\"article\" \/>\n<meta property=\"og:title\" content=\"Concerts \u00ab Tous N\u00e9s Pour Briller \u00bb \u2013 Chansons bien-\u00eatre et concerts acoustiques en Vend\u00e9e avec Alykanya &amp; Florent Louvard\" \/>\n<meta property=\"og:description\" content=\"D\u00e9couvrez les concerts \u00ab Tous N\u00e9s Pour Briller \u00bb : des chansons en fran\u00e7ais, des percussions vivantes et une \u00e9nergie de partage pour chanter ensemble et se relier. En duo avec Florent Louvard, Alykanya propose des concerts chaleureux et vibrants en Vend\u00e9e.\" \/>\n<meta property=\"og:url\" content=\"https:\/\/www.alykanya.fr\/index.php\/concerts-tous-nes-pour-briller\/\" \/>\n<meta property=\"og:site_name\" content=\"Alykanya.fr\" \/>\n<meta property=\"article:modified_time\" content=\"2025-11-17T19:17:53+00:00\" \/>\n<meta property=\"og:image\" content=\"https:\/\/www.alykanya.fr\/wp-content\/uploads\/2025\/11\/471473356_564109726488938_1109000988158064867_n.webp\" \/>\n\t<meta property=\"og:image:width\" content=\"1152\" \/>\n\t<meta property=\"og:image:height\" content=\"1440\" \/>\n\t<meta property=\"og:image:type\" content=\"image\/jpeg\" \/>\n<meta name=\"twitter:card\" content=\"summary_large_image\" \/>\n<meta name=\"twitter:label1\" content=\"Dur\u00e9e de lecture estim\u00e9e\" \/>\n\t<meta name=\"twitter:data1\" content=\"2 minutes\" \/>\n<script type=\"application\/ld+json\" class=\"yoast-schema-graph\">{\"@context\":\"https:\/\/schema.org\",\"@graph\":[{\"@type\":\"WebPage\",\"@id\":\"https:\/\/www.alykanya.fr\/index.php\/concerts-tous-nes-pour-briller\/\",\"url\":\"https:\/\/www.alykanya.fr\/index.php\/concerts-tous-nes-pour-briller\/\",\"name\":\"Concerts \u00ab Tous N\u00e9s Pour Briller \u00bb \u2013 Chansons bien-\u00eatre et concerts acoustiques en Vend\u00e9e avec Alykanya & Florent Louvard\",\"isPartOf\":{\"@id\":\"https:\/\/www.alykanya.fr\/#website\"},\"primaryImageOfPage\":{\"@id\":\"https:\/\/www.alykanya.fr\/index.php\/concerts-tous-nes-pour-briller\/#primaryimage\"},\"image\":{\"@id\":\"https:\/\/www.alykanya.fr\/index.php\/concerts-tous-nes-pour-briller\/#primaryimage\"},\"thumbnailUrl\":\"https:\/\/www.alykanya.fr\/wp-content\/uploads\/2025\/11\/471473356_564109726488938_1109000988158064867_n.webp\",\"datePublished\":\"2025-09-01T20:55:43+00:00\",\"dateModified\":\"2025-11-17T19:17:53+00:00\",\"description\":\"D\u00e9couvrez les concerts \u00ab Tous N\u00e9s Pour Briller \u00bb : des chansons en fran\u00e7ais, des percussions vivantes et une \u00e9nergie de partage pour chanter ensemble et se relier. En duo avec Florent Louvard, Alykanya propose des concerts chaleureux et vibrants en Vend\u00e9e.\",\"breadcrumb\":{\"@id\":\"https:\/\/www.alykanya.fr\/index.php\/concerts-tous-nes-pour-briller\/#breadcrumb\"},\"inLanguage\":\"fr-FR\",\"potentialAction\":[{\"@type\":\"ReadAction\",\"target\":[\"https:\/\/www.alykanya.fr\/index.php\/concerts-tous-nes-pour-briller\/\"]}]},{\"@type\":\"ImageObject\",\"inLanguage\":\"fr-FR\",\"@id\":\"https:\/\/www.alykanya.fr\/index.php\/concerts-tous-nes-pour-briller\/#primaryimage\",\"url\":\"https:\/\/www.alykanya.fr\/wp-content\/uploads\/2025\/11\/471473356_564109726488938_1109000988158064867_n.webp\",\"contentUrl\":\"https:\/\/www.alykanya.fr\/wp-content\/uploads\/2025\/11\/471473356_564109726488938_1109000988158064867_n.webp\",\"width\":1152,\"height\":1440},{\"@type\":\"BreadcrumbList\",\"@id\":\"https:\/\/www.alykanya.fr\/index.php\/concerts-tous-nes-pour-briller\/#breadcrumb\",\"itemListElement\":[{\"@type\":\"ListItem\",\"position\":1,\"name\":\"Accueil\",\"item\":\"https:\/\/www.alykanya.fr\/\"},{\"@type\":\"ListItem\",\"position\":2,\"name\":\"Concerts\"}]},{\"@type\":\"WebSite\",\"@id\":\"https:\/\/www.alykanya.fr\/#website\",\"url\":\"https:\/\/www.alykanya.fr\/\",\"name\":\"Alykanya.fr\",\"description\":\"D\u00e9couvrez les danses, concerts et ateliers \u00e0 venir\",\"publisher\":{\"@id\":\"https:\/\/www.alykanya.fr\/#\/schema\/person\/1f5855179a0abf33c222b1156fa7e28e\"},\"potentialAction\":[{\"@type\":\"SearchAction\",\"target\":{\"@type\":\"EntryPoint\",\"urlTemplate\":\"https:\/\/www.alykanya.fr\/?s={search_term_string}\"},\"query-input\":{\"@type\":\"PropertyValueSpecification\",\"valueRequired\":true,\"valueName\":\"search_term_string\"}}],\"inLanguage\":\"fr-FR\"},{\"@type\":[\"Person\",\"Organization\"],\"@id\":\"https:\/\/www.alykanya.fr\/#\/schema\/person\/1f5855179a0abf33c222b1156fa7e28e\",\"name\":\"Alykanya\",\"image\":{\"@type\":\"ImageObject\",\"inLanguage\":\"fr-FR\",\"@id\":\"https:\/\/www.alykanya.fr\/#\/schema\/person\/image\/\",\"url\":\"https:\/\/www.alykanya.fr\/wp-content\/uploads\/2025\/05\/cropped-cropped-cropped-Design-sans-titre-6.png\",\"contentUrl\":\"https:\/\/www.alykanya.fr\/wp-content\/uploads\/2025\/05\/cropped-cropped-cropped-Design-sans-titre-6.png\",\"width\":81,\"height\":63,\"caption\":\"Alykanya\"},\"logo\":{\"@id\":\"https:\/\/www.alykanya.fr\/#\/schema\/person\/image\/\"},\"sameAs\":[\"http:\/\/alykanw.cluster100.hosting.ovh.net\",\"https:\/\/soundcloud.com\/alykanya\/\"]}]}<\/script>\n<!-- \/ Yoast SEO plugin. -->","yoast_head_json":{"title":"Concerts \u00ab Tous N\u00e9s Pour Briller \u00bb \u2013 Chansons bien-\u00eatre et concerts acoustiques en Vend\u00e9e avec Alykanya & Florent Louvard","description":"D\u00e9couvrez les concerts \u00ab Tous N\u00e9s Pour Briller \u00bb : des chansons en fran\u00e7ais, des percussions vivantes et une \u00e9nergie de partage pour chanter ensemble et se relier. En duo avec Florent Louvard, Alykanya propose des concerts chaleureux et vibrants en Vend\u00e9e.","robots":{"index":"index","follow":"follow","max-snippet":"max-snippet:-1","max-image-preview":"max-image-preview:large","max-video-preview":"max-video-preview:-1"},"canonical":"https:\/\/www.alykanya.fr\/index.php\/concerts-tous-nes-pour-briller\/","og_locale":"fr_FR","og_type":"article","og_title":"Concerts \u00ab Tous N\u00e9s Pour Briller \u00bb \u2013 Chansons bien-\u00eatre et concerts acoustiques en Vend\u00e9e avec Alykanya & Florent Louvard","og_description":"D\u00e9couvrez les concerts \u00ab Tous N\u00e9s Pour Briller \u00bb : des chansons en fran\u00e7ais, des percussions vivantes et une \u00e9nergie de partage pour chanter ensemble et se relier. En duo avec Florent Louvard, Alykanya propose des concerts chaleureux et vibrants en Vend\u00e9e.","og_url":"https:\/\/www.alykanya.fr\/index.php\/concerts-tous-nes-pour-briller\/","og_site_name":"Alykanya.fr","article_modified_time":"2025-11-17T19:17:53+00:00","og_image":[{"width":1152,"height":1440,"url":"https:\/\/www.alykanya.fr\/wp-content\/uploads\/2025\/11\/471473356_564109726488938_1109000988158064867_n.webp","type":"image\/jpeg"}],"twitter_card":"summary_large_image","twitter_misc":{"Dur\u00e9e de lecture estim\u00e9e":"2 minutes"},"schema":{"@context":"https:\/\/schema.org","@graph":[{"@type":"WebPage","@id":"https:\/\/www.alykanya.fr\/index.php\/concerts-tous-nes-pour-briller\/","url":"https:\/\/www.alykanya.fr\/index.php\/concerts-tous-nes-pour-briller\/","name":"Concerts \u00ab Tous N\u00e9s Pour Briller \u00bb \u2013 Chansons bien-\u00eatre et concerts acoustiques en Vend\u00e9e avec Alykanya & Florent Louvard","isPartOf":{"@id":"https:\/\/www.alykanya.fr\/#website"},"primaryImageOfPage":{"@id":"https:\/\/www.alykanya.fr\/index.php\/concerts-tous-nes-pour-briller\/#primaryimage"},"image":{"@id":"https:\/\/www.alykanya.fr\/index.php\/concerts-tous-nes-pour-briller\/#primaryimage"},"thumbnailUrl":"https:\/\/www.alykanya.fr\/wp-content\/uploads\/2025\/11\/471473356_564109726488938_1109000988158064867_n.webp","datePublished":"2025-09-01T20:55:43+00:00","dateModified":"2025-11-17T19:17:53+00:00","description":"D\u00e9couvrez les concerts \u00ab Tous N\u00e9s Pour Briller \u00bb : des chansons en fran\u00e7ais, des percussions vivantes et une \u00e9nergie de partage pour chanter ensemble et se relier. En duo avec Florent Louvard, Alykanya propose des concerts chaleureux et vibrants en Vend\u00e9e.","breadcrumb":{"@id":"https:\/\/www.alykanya.fr\/index.php\/concerts-tous-nes-pour-briller\/#breadcrumb"},"inLanguage":"fr-FR","potentialAction":[{"@type":"ReadAction","target":["https:\/\/www.alykanya.fr\/index.php\/concerts-tous-nes-pour-briller\/"]}]},{"@type":"ImageObject","inLanguage":"fr-FR","@id":"https:\/\/www.alykanya.fr\/index.php\/concerts-tous-nes-pour-briller\/#primaryimage","url":"https:\/\/www.alykanya.fr\/wp-content\/uploads\/2025\/11\/471473356_564109726488938_1109000988158064867_n.webp","contentUrl":"https:\/\/www.alykanya.fr\/wp-content\/uploads\/2025\/11\/471473356_564109726488938_1109000988158064867_n.webp","width":1152,"height":1440},{"@type":"BreadcrumbList","@id":"https:\/\/www.alykanya.fr\/index.php\/concerts-tous-nes-pour-briller\/#breadcrumb","itemListElement":[{"@type":"ListItem","position":1,"name":"Accueil","item":"https:\/\/www.alykanya.fr\/"},{"@type":"ListItem","position":2,"name":"Concerts"}]},{"@type":"WebSite","@id":"https:\/\/www.alykanya.fr\/#website","url":"https:\/\/www.alykanya.fr\/","name":"Alykanya.fr","description":"D\u00e9couvrez les danses, concerts et ateliers \u00e0 venir","publisher":{"@id":"https:\/\/www.alykanya.fr\/#\/schema\/person\/1f5855179a0abf33c222b1156fa7e28e"},"potentialAction":[{"@type":"SearchAction","target":{"@type":"EntryPoint","urlTemplate":"https:\/\/www.alykanya.fr\/?s={search_term_string}"},"query-input":{"@type":"PropertyValueSpecification","valueRequired":true,"valueName":"search_term_string"}}],"inLanguage":"fr-FR"},{"@type":["Person","Organization"],"@id":"https:\/\/www.alykanya.fr\/#\/schema\/person\/1f5855179a0abf33c222b1156fa7e28e","name":"Alykanya","image":{"@type":"ImageObject","inLanguage":"fr-FR","@id":"https:\/\/www.alykanya.fr\/#\/schema\/person\/image\/","url":"https:\/\/www.alykanya.fr\/wp-content\/uploads\/2025\/05\/cropped-cropped-cropped-Design-sans-titre-6.png","contentUrl":"https:\/\/www.alykanya.fr\/wp-content\/uploads\/2025\/05\/cropped-cropped-cropped-Design-sans-titre-6.png","width":81,"height":63,"caption":"Alykanya"},"logo":{"@id":"https:\/\/www.alykanya.fr\/#\/schema\/person\/image\/"},"sameAs":["http:\/\/alykanw.cluster100.hosting.ovh.net","https:\/\/soundcloud.com\/alykanya\/"]}]}},"_links":{"self":[{"href":"https:\/\/www.alykanya.fr\/index.php\/wp-json\/wp\/v2\/pages\/1325","targetHints":{"allow":["GET"]}}],"collection":[{"href":"https:\/\/www.alykanya.fr\/index.php\/wp-json\/wp\/v2\/pages"}],"about":[{"href":"https:\/\/www.alykanya.fr\/index.php\/wp-json\/wp\/v2\/types\/page"}],"author":[{"embeddable":true,"href":"https:\/\/www.alykanya.fr\/index.php\/wp-json\/wp\/v2\/users\/1"}],"replies":[{"embeddable":true,"href":"https:\/\/www.alykanya.fr\/index.php\/wp-json\/wp\/v2\/comments?post=1325"}],"version-history":[{"count":18,"href":"https:\/\/www.alykanya.fr\/index.php\/wp-json\/wp\/v2\/pages\/1325\/revisions"}],"predecessor-version":[{"id":2033,"href":"https:\/\/www.alykanya.fr\/index.php\/wp-json\/wp\/v2\/pages\/1325\/revisions\/2033"}],"wp:featuredmedia":[{"embeddable":true,"href":"https:\/\/www.alykanya.fr\/index.php\/wp-json\/wp\/v2\/media\/2015"}],"wp:attachment":[{"href":"https:\/\/www.alykanya.fr\/index.php\/wp-json\/wp\/v2\/media?parent=1325"}],"curies":[{"name":"wp","href":"https:\/\/api.w.org\/{rel}","templated":true}]}}