{"id":1315,"date":"2025-09-01T22:54:24","date_gmt":"2025-09-01T20:54:24","guid":{"rendered":"https:\/\/www.alykanya.fr\/?page_id=1315"},"modified":"2025-10-09T00:42:40","modified_gmt":"2025-10-08T22:42:40","slug":"les-jeudis-bienveillants","status":"publish","type":"page","link":"https:\/\/www.alykanya.fr\/index.php\/les-jeudis-bienveillants\/","title":{"rendered":"Les Jeudis Bienveillants"},"content":{"rendered":"\t\t<div data-elementor-type=\"wp-page\" data-elementor-id=\"1315\" class=\"elementor elementor-1315\">\n\t\t\t\t<div class=\"elementor-element elementor-element-72eacf9 e-flex e-con-boxed e-con e-parent\" data-id=\"72eacf9\" data-element_type=\"container\" data-e-type=\"container\">\n\t\t\t\t\t<div class=\"e-con-inner\">\n\t\t\t\t<div class=\"elementor-element elementor-element-b54267c elementor-widget elementor-widget-text-editor\" data-id=\"b54267c\" data-element_type=\"widget\" data-e-type=\"widget\" data-widget_type=\"text-editor.default\">\n\t\t\t\t<div class=\"elementor-widget-container\">\n\t\t\t\t\t\t\t\t\t<p data-start=\"132\" data-end=\"166\">&nbsp;<span style=\"font-size: 15px; color: #4a4a4a;\">Un jeudi apr\u00e8s-midi par mois \u00e0 <\/span><strong style=\"font-size: 15px; color: #4a4a4a;\" data-start=\"199\" data-end=\"211\">Apremont<\/strong><span style=\"font-size: 15px; color: #4a4a4a;\">, dans les locaux d\u2019<\/span><strong style=\"font-size: 15px; color: #4a4a4a;\" data-start=\"231\" data-end=\"257\">Arc En Ciel Innovation<\/strong><span style=\"font-size: 15px; color: #4a4a4a;\">, je vous accueille <\/span><strong style=\"font-size: 15px; color: #4a4a4a;\" data-start=\"277\" data-end=\"293\">gratuitement<\/strong><span style=\"font-size: 15px; color: #4a4a4a;\"> de 16h \u00e0 18h30, dans un espace de <\/span><strong style=\"font-size: 15px; color: #4a4a4a;\" data-start=\"328\" data-end=\"357\">bienveillance et d\u2019\u00e9coute<\/strong><span style=\"font-size: 15px; color: #4a4a4a;\">.<\/span><\/p>\n<p data-start=\"362\" data-end=\"530\">Vous pouvez venir pour :<br data-start=\"386\" data-end=\"389\"><img decoding=\"async\" class=\"emoji\" role=\"img\" draggable=\"false\" src=\"https:\/\/s.w.org\/images\/core\/emoji\/16.0.1\/svg\/1f486-200d-2640-fe0f.svg\" alt=\"\ud83d\udc86\u200d\u2640\ufe0f\"> Un soin<br data-start=\"402\" data-end=\"405\"><img decoding=\"async\" class=\"emoji\" role=\"img\" draggable=\"false\" src=\"https:\/\/s.w.org\/images\/core\/emoji\/16.0.1\/svg\/1f917.svg\" alt=\"\ud83e\udd17\"> Un hug<br data-start=\"414\" data-end=\"417\"><img decoding=\"async\" class=\"emoji\" role=\"img\" draggable=\"false\" src=\"https:\/\/s.w.org\/images\/core\/emoji\/16.0.1\/svg\/1f4a1.svg\" alt=\"\ud83d\udca1\"> Recevoir un conseil, un avis, une intuition<br data-start=\"463\" data-end=\"466\"><img decoding=\"async\" class=\"emoji\" role=\"img\" draggable=\"false\" src=\"https:\/\/s.w.org\/images\/core\/emoji\/16.0.1\/svg\/1f49e.svg\" alt=\"\ud83d\udc9e\"> Une \u00e9paule, une oreille attentive<br data-start=\"502\" data-end=\"505\"><img decoding=\"async\" class=\"emoji\" role=\"img\" draggable=\"false\" src=\"https:\/\/s.w.org\/images\/core\/emoji\/16.0.1\/svg\/1f300.svg\" alt=\"\ud83c\udf00\"> Philosopher ensemble<\/p>\n<p data-start=\"532\" data-end=\"664\"><img decoding=\"async\" class=\"emoji\" role=\"img\" draggable=\"false\" src=\"https:\/\/s.w.org\/images\/core\/emoji\/16.0.1\/svg\/1f449.svg\" alt=\"\ud83d\udc49\"> Vous \u00eates les <strong data-start=\"549\" data-end=\"565\">bienvenu\u00b7e\u00b7s<\/strong>, que ce soit pour un court instant ou un long \u00e9change, <strong data-start=\"621\" data-end=\"661\">sans jugement et en toute simplicit\u00e9<\/strong>.<\/p>\n<p data-start=\"532\" data-end=\"664\"><img decoding=\"async\" class=\"emoji\" style=\"font-variant-ligatures: normal; font-variant-caps: normal; font-family: Nunito; font-size: 15px; font-style: normal; font-weight: 400; background-color: #ffffff; background-image: none !important;\" role=\"img\" draggable=\"false\" src=\"https:\/\/s.w.org\/images\/core\/emoji\/16.0.1\/svg\/1f4e9.svg\" alt=\"\ud83d\udce9\"><span style=\"font-family: Nunito; font-size: 15px; font-style: normal; font-variant-ligatures: normal; font-variant-caps: normal; font-weight: 400;\">&nbsp;Vous pouvez v\u00e9rifier les disponibilit\u00e9s et prendre rdv en ligne directement&nbsp;<\/span><a style=\"font-variant-ligatures: normal; font-variant-caps: normal; font-family: Nunito; font-size: 15px; font-style: normal; font-weight: 400; background-color: #ffffff; color: #6d8249; transition-property: all;\" href=\"https:\/\/calendly.com\/_alykanya\" target=\"_blank\" rel=\"noopener\">ICI&nbsp;<\/a><span style=\"font-family: Nunito; font-size: 15px; font-style: normal; font-variant-ligatures: normal; font-variant-caps: normal; font-weight: 400;\">https:\/\/calendly.com\/_alykanya<\/span><span style=\"font-variant-ligatures: normal; font-variant-caps: normal; font-family: Nunito; font-size: 15px; font-style: normal; font-weight: 600;\" data-start=\"1216\" data-end=\"1248\">&nbsp;ou par SMS<\/span><span style=\"font-family: Nunito; font-size: 15px; font-style: normal; font-variant-ligatures: normal; font-variant-caps: normal; font-weight: 400;\">&nbsp;au 06 23 50 65 43.<\/span><\/p>\n<h3 style=\"font-variant-ligatures: normal; font-variant-caps: normal; font-style: normal;\" data-start=\"1009\" data-end=\"1029\"><img decoding=\"async\" class=\"emoji\" style=\"font-size: 18px;\" role=\"img\" draggable=\"false\" src=\"https:\/\/s.w.org\/images\/core\/emoji\/16.0.1\/svg\/1f49d.svg\" alt=\"\ud83d\udc9d\">&nbsp;<span style=\"font-size: 15px; color: #4a4a4a;\">participation libre et consciente (sur don)<\/span><\/h3>\n<h3 data-start=\"666\" data-end=\"698\"><img decoding=\"async\" class=\"emoji\" role=\"img\" draggable=\"false\" src=\"https:\/\/s.w.org\/images\/core\/emoji\/16.0.1\/svg\/1f30c.svg\" alt=\"\ud83c\udf0c\"> Soir\u00e9e chants de gu\u00e9rison<\/h3>\n<p data-start=\"699\" data-end=\"1007\">Les apr\u00e8s-midis d\u2019\u00e9coute seront suivis d\u2019une <strong data-start=\"744\" data-end=\"776\">soir\u00e9e de chants de gu\u00e9rison<\/strong> <img decoding=\"async\" class=\"emoji\" role=\"img\" draggable=\"false\" src=\"https:\/\/s.w.org\/images\/core\/emoji\/16.0.1\/svg\/1f3b6.svg\" alt=\"\ud83c\udfb6\"> de 19h00 \u00e0 21h00, dans la douce p\u00e9nombre de la <strong data-start=\"827\" data-end=\"852\">Cosmo Room \u00e0 Apremont<\/strong>.<br data-start=\"853\" data-end=\"856\">Venez <strong data-start=\"862\" data-end=\"910\">partager votre voix ou recevoir une gu\u00e9rison<\/strong> : ensemble, nous laisserons nos vibrations agir pour gu\u00e9rir \u2013 soi-m\u00eame, les autres, le groupe.<\/p>\n<p data-start=\"699\" data-end=\"1007\"><img decoding=\"async\" class=\"emoji\" style=\"font-variant-ligatures: normal; font-variant-caps: normal; font-family: Nunito; font-size: 15px; font-style: normal; font-weight: 400; background-color: #ffffff; background-image: none !important;\" role=\"img\" draggable=\"false\" src=\"https:\/\/s.w.org\/images\/core\/emoji\/16.0.1\/svg\/1f4e9.svg\" alt=\"\ud83d\udce9\" data-od-xpath=\"\/HTML\/BODY\/DIV[@id='outer-wrap']\/*[2][self::DIV]\/*[3][self::MAIN]\/*[2][self::DIV]\/*[1][self::DIV]\/*[1][self::DIV]\/*[1][self::DIV]\/*[1][self::DIV]\/*[9][self::P]\/*[1][self::IMG]\"><span style=\"font-family: Nunito; font-size: 15px; font-style: normal; font-variant-ligatures: normal; font-variant-caps: normal; font-weight: 400;\">&nbsp;Merci de&nbsp;<\/span><span style=\"font-variant-ligatures: normal; font-variant-caps: normal; font-family: Nunito; font-size: 15px; font-style: normal; font-weight: 600;\" data-start=\"1216\" data-end=\"1248\">m\u2019envoyer un&nbsp;<a href=\"mailto:contact@alykanya.Fr\" target=\"_blank\" rel=\"noopener\">mail&nbsp;<\/a>ou SMS<\/span><span style=\"font-family: Nunito; font-size: 15px; font-style: normal; font-variant-ligatures: normal; font-variant-caps: normal; font-weight: 400;\">&nbsp;au 06 23 50 65 43 pour pr\u00e9venir de votre venue, je vous attends avec plaisir&nbsp;<\/span><img decoding=\"async\" class=\"emoji\" style=\"font-variant-ligatures: normal; font-variant-caps: normal; font-family: Nunito; font-size: 15px; font-style: normal; font-weight: 400; background-color: #ffffff; background-image: none !important;\" role=\"img\" draggable=\"false\" src=\"https:\/\/s.w.org\/images\/core\/emoji\/16.0.1\/svg\/1f49c.svg\" alt=\"\ud83d\udc9c\" data-od-xpath=\"\/HTML\/BODY\/DIV[@id='outer-wrap']\/*[2][self::DIV]\/*[3][self::MAIN]\/*[2][self::DIV]\/*[1][self::DIV]\/*[1][self::DIV]\/*[1][self::DIV]\/*[1][self::DIV]\/*[9][self::P]\/*[3][self::IMG]\"><\/p>\n<h3 data-start=\"1009\" data-end=\"1029\"><img decoding=\"async\" class=\"emoji\" role=\"img\" draggable=\"false\" src=\"https:\/\/s.w.org\/images\/core\/emoji\/16.0.1\/svg\/1f49d.svg\" alt=\"\ud83d\udc9d\"> <span style=\"color: #4a4a4a; font-size: 15px;\">participation libre et consciente (sur don )<\/span><\/h3>\n<p data-start=\"1120\" data-end=\"1202\"><img decoding=\"async\" class=\"emoji\" role=\"img\" draggable=\"false\" src=\"https:\/\/s.w.org\/images\/core\/emoji\/16.0.1\/svg\/1f4c5.svg\" alt=\"\ud83d\udcc5\"> <strong data-start=\"1123\" data-end=\"1161\">Consultez les prochaines dates ici<\/strong> :&nbsp;<a style=\"font-size: 15px; background-color: #ffffff;\" href=\"https:\/\/www.alykanya.fr\/index.php\/programs\/\" target=\"_blank\" rel=\"noopener\">Agenda&nbsp;<\/a><\/p>\t\t\t\t\t\t\t\t<\/div>\n\t\t\t\t<\/div>\n\t\t\t\t\t<\/div>\n\t\t\t\t<\/div>\n\t\t<div class=\"elementor-element elementor-element-7d6329b e-flex e-con-boxed e-con e-parent\" data-id=\"7d6329b\" data-element_type=\"container\" data-e-type=\"container\">\n\t\t\t\t\t<div class=\"e-con-inner\">\n\t\t\t\t<div class=\"elementor-element elementor-element-0e26a78 elementor-widget elementor-widget-image\" data-id=\"0e26a78\" data-element_type=\"widget\" data-e-type=\"widget\" data-widget_type=\"image.default\">\n\t\t\t\t<div class=\"elementor-widget-container\">\n\t\t\t\t\t\t\t\t\t\t\t\t\t\t\t<img fetchpriority=\"high\" decoding=\"async\" width=\"768\" height=\"768\" src=\"https:\/\/www.alykanya.fr\/wp-content\/uploads\/2025\/09\/485662245_627959130103997_5526429687265787196_n-768x768.jpg\" class=\"attachment-medium_large size-medium_large wp-image-1246\" alt=\"\" srcset=\"https:\/\/www.alykanya.fr\/wp-content\/uploads\/2025\/09\/485662245_627959130103997_5526429687265787196_n-768x768.jpg 768w, https:\/\/www.alykanya.fr\/wp-content\/uploads\/2025\/09\/485662245_627959130103997_5526429687265787196_n-300x300.jpg 300w, https:\/\/www.alykanya.fr\/wp-content\/uploads\/2025\/09\/485662245_627959130103997_5526429687265787196_n-150x150.jpg 150w, https:\/\/www.alykanya.fr\/wp-content\/uploads\/2025\/09\/485662245_627959130103997_5526429687265787196_n-600x600.jpg 600w, https:\/\/www.alykanya.fr\/wp-content\/uploads\/2025\/09\/485662245_627959130103997_5526429687265787196_n.jpg 1024w\" sizes=\"(max-width: 768px) 100vw, 768px\" \/>\t\t\t\t\t\t\t\t\t\t\t\t\t\t\t<\/div>\n\t\t\t\t<\/div>\n\t\t\t\t\t<\/div>\n\t\t\t\t<\/div>\n\t\t\t\t<\/div>\n\t\t","protected":false},"excerpt":{"rendered":"<p>&nbsp;Un jeudi apr\u00e8s-midi par mois \u00e0 Apremont, dans les locaux d\u2019Arc En Ciel Innovation, je vous accueille gratuitement de 16h \u00e0 18h30, dans un espace de bienveillance et d\u2019\u00e9coute. Vous pouvez venir pour : Un soin Un hug Recevoir un conseil, un avis, une intuition Une \u00e9paule, une oreille attentive Philosopher ensemble Vous \u00eates les [&hellip;]<\/p>\n","protected":false},"author":1,"featured_media":1246,"parent":0,"menu_order":0,"comment_status":"closed","ping_status":"closed","template":"elementor_header_footer","meta":{"ocean_post_layout":"","ocean_both_sidebars_style":"","ocean_both_sidebars_content_width":0,"ocean_both_sidebars_sidebars_width":0,"ocean_sidebar":"","ocean_second_sidebar":"","ocean_disable_margins":"enable","ocean_add_body_class":"","ocean_shortcode_before_top_bar":"","ocean_shortcode_after_top_bar":"","ocean_shortcode_before_header":"","ocean_shortcode_after_header":"","ocean_has_shortcode":"","ocean_shortcode_after_title":"","ocean_shortcode_before_footer_widgets":"","ocean_shortcode_after_footer_widgets":"","ocean_shortcode_before_footer_bottom":"","ocean_shortcode_after_footer_bottom":"","ocean_display_top_bar":"default","ocean_display_header":"default","ocean_header_style":"","ocean_center_header_left_menu":"","ocean_custom_header_template":"","ocean_custom_logo":0,"ocean_custom_retina_logo":0,"ocean_custom_logo_max_width":0,"ocean_custom_logo_tablet_max_width":0,"ocean_custom_logo_mobile_max_width":0,"ocean_custom_logo_max_height":0,"ocean_custom_logo_tablet_max_height":0,"ocean_custom_logo_mobile_max_height":0,"ocean_header_custom_menu":"","ocean_menu_typo_font_family":"","ocean_menu_typo_font_subset":"","ocean_menu_typo_font_size":0,"ocean_menu_typo_font_size_tablet":0,"ocean_menu_typo_font_size_mobile":0,"ocean_menu_typo_font_size_unit":"px","ocean_menu_typo_font_weight":"","ocean_menu_typo_font_weight_tablet":"","ocean_menu_typo_font_weight_mobile":"","ocean_menu_typo_transform":"","ocean_menu_typo_transform_tablet":"","ocean_menu_typo_transform_mobile":"","ocean_menu_typo_line_height":0,"ocean_menu_typo_line_height_tablet":0,"ocean_menu_typo_line_height_mobile":0,"ocean_menu_typo_line_height_unit":"","ocean_menu_typo_spacing":0,"ocean_menu_typo_spacing_tablet":0,"ocean_menu_typo_spacing_mobile":0,"ocean_menu_typo_spacing_unit":"","ocean_menu_link_color":"","ocean_menu_link_color_hover":"","ocean_menu_link_color_active":"","ocean_menu_link_background":"","ocean_menu_link_hover_background":"","ocean_menu_link_active_background":"","ocean_menu_social_links_bg":"","ocean_menu_social_hover_links_bg":"","ocean_menu_social_links_color":"","ocean_menu_social_hover_links_color":"","ocean_disable_title":"default","ocean_disable_heading":"default","ocean_post_title":"","ocean_post_subheading":"","ocean_post_title_style":"","ocean_post_title_background_color":"","ocean_post_title_background":0,"ocean_post_title_bg_image_position":"","ocean_post_title_bg_image_attachment":"","ocean_post_title_bg_image_repeat":"","ocean_post_title_bg_image_size":"","ocean_post_title_height":0,"ocean_post_title_bg_overlay":0.5,"ocean_post_title_bg_overlay_color":"","ocean_disable_breadcrumbs":"default","ocean_breadcrumbs_color":"","ocean_breadcrumbs_separator_color":"","ocean_breadcrumbs_links_color":"","ocean_breadcrumbs_links_hover_color":"","ocean_display_footer_widgets":"default","ocean_display_footer_bottom":"default","ocean_custom_footer_template":"","omw_enable_modal_window":"enable","footnotes":""},"class_list":["post-1315","page","type-page","status-publish","has-post-thumbnail","hentry","entry","has-media"],"yoast_head":"<!-- This site is optimized with the Yoast SEO plugin v26.1.1 - https:\/\/yoast.com\/wordpress\/plugins\/seo\/ -->\n<title>Les Jeudis Bienveillants \u2013 Accueil, \u00e9coute et soins \u00e9nerg\u00e9tiques \u00e0 Apremont avec Alykanya<\/title>\n<meta name=\"description\" content=\"Participe aux Jeudis Bienveillants d\u2019Alykanya \u00e0 Apremont : un apr\u00e8s-midi d\u2019accueil, d\u2019\u00e9coute et de soins \u00e9nerg\u00e9tiques gratuits, suivi d\u2019une soir\u00e9e de chants de gu\u00e9rison. Un espace bienveillant et simple pour se ressourcer ensemble.\" \/>\n<meta name=\"robots\" content=\"index, follow, max-snippet:-1, max-image-preview:large, max-video-preview:-1\" \/>\n<link rel=\"canonical\" href=\"https:\/\/www.alykanya.fr\/index.php\/les-jeudis-bienveillants\/\" \/>\n<meta property=\"og:locale\" content=\"fr_FR\" \/>\n<meta property=\"og:type\" content=\"article\" \/>\n<meta property=\"og:title\" content=\"Les Jeudis Bienveillants \u2013 Accueil, \u00e9coute et soins \u00e9nerg\u00e9tiques \u00e0 Apremont avec Alykanya\" \/>\n<meta property=\"og:description\" content=\"Participe aux Jeudis Bienveillants d\u2019Alykanya \u00e0 Apremont : un apr\u00e8s-midi d\u2019accueil, d\u2019\u00e9coute et de soins \u00e9nerg\u00e9tiques gratuits, suivi d\u2019une soir\u00e9e de chants de gu\u00e9rison. Un espace bienveillant et simple pour se ressourcer ensemble.\" \/>\n<meta property=\"og:url\" content=\"https:\/\/www.alykanya.fr\/index.php\/les-jeudis-bienveillants\/\" \/>\n<meta property=\"og:site_name\" content=\"Alykanya.fr\" \/>\n<meta property=\"article:modified_time\" content=\"2025-10-08T22:42:40+00:00\" \/>\n<meta property=\"og:image\" content=\"https:\/\/www.alykanya.fr\/wp-content\/uploads\/2025\/09\/485662245_627959130103997_5526429687265787196_n.jpg\" \/>\n\t<meta property=\"og:image:width\" content=\"1024\" \/>\n\t<meta property=\"og:image:height\" content=\"1024\" \/>\n\t<meta property=\"og:image:type\" content=\"image\/jpeg\" \/>\n<meta name=\"twitter:card\" content=\"summary_large_image\" \/>\n<meta name=\"twitter:label1\" content=\"Dur\u00e9e de lecture estim\u00e9e\" \/>\n\t<meta name=\"twitter:data1\" content=\"4 minutes\" \/>\n<script type=\"application\/ld+json\" class=\"yoast-schema-graph\">{\"@context\":\"https:\/\/schema.org\",\"@graph\":[{\"@type\":\"WebPage\",\"@id\":\"https:\/\/www.alykanya.fr\/index.php\/les-jeudis-bienveillants\/\",\"url\":\"https:\/\/www.alykanya.fr\/index.php\/les-jeudis-bienveillants\/\",\"name\":\"Les Jeudis Bienveillants \u2013 Accueil, \u00e9coute et soins \u00e9nerg\u00e9tiques \u00e0 Apremont avec Alykanya\",\"isPartOf\":{\"@id\":\"https:\/\/www.alykanya.fr\/#website\"},\"primaryImageOfPage\":{\"@id\":\"https:\/\/www.alykanya.fr\/index.php\/les-jeudis-bienveillants\/#primaryimage\"},\"image\":{\"@id\":\"https:\/\/www.alykanya.fr\/index.php\/les-jeudis-bienveillants\/#primaryimage\"},\"thumbnailUrl\":\"https:\/\/www.alykanya.fr\/wp-content\/uploads\/2025\/09\/485662245_627959130103997_5526429687265787196_n.jpg\",\"datePublished\":\"2025-09-01T20:54:24+00:00\",\"dateModified\":\"2025-10-08T22:42:40+00:00\",\"description\":\"Participe aux Jeudis Bienveillants d\u2019Alykanya \u00e0 Apremont : un apr\u00e8s-midi d\u2019accueil, d\u2019\u00e9coute et de soins \u00e9nerg\u00e9tiques gratuits, suivi d\u2019une soir\u00e9e de chants de gu\u00e9rison. Un espace bienveillant et simple pour se ressourcer ensemble.\",\"breadcrumb\":{\"@id\":\"https:\/\/www.alykanya.fr\/index.php\/les-jeudis-bienveillants\/#breadcrumb\"},\"inLanguage\":\"fr-FR\",\"potentialAction\":[{\"@type\":\"ReadAction\",\"target\":[\"https:\/\/www.alykanya.fr\/index.php\/les-jeudis-bienveillants\/\"]}]},{\"@type\":\"ImageObject\",\"inLanguage\":\"fr-FR\",\"@id\":\"https:\/\/www.alykanya.fr\/index.php\/les-jeudis-bienveillants\/#primaryimage\",\"url\":\"https:\/\/www.alykanya.fr\/wp-content\/uploads\/2025\/09\/485662245_627959130103997_5526429687265787196_n.jpg\",\"contentUrl\":\"https:\/\/www.alykanya.fr\/wp-content\/uploads\/2025\/09\/485662245_627959130103997_5526429687265787196_n.jpg\",\"width\":1024,\"height\":1024},{\"@type\":\"BreadcrumbList\",\"@id\":\"https:\/\/www.alykanya.fr\/index.php\/les-jeudis-bienveillants\/#breadcrumb\",\"itemListElement\":[{\"@type\":\"ListItem\",\"position\":1,\"name\":\"Accueil\",\"item\":\"https:\/\/www.alykanya.fr\/\"},{\"@type\":\"ListItem\",\"position\":2,\"name\":\"Les Jeudis Bienveillants\"}]},{\"@type\":\"WebSite\",\"@id\":\"https:\/\/www.alykanya.fr\/#website\",\"url\":\"https:\/\/www.alykanya.fr\/\",\"name\":\"Alykanya.fr\",\"description\":\"D\u00e9couvrez les danses, concerts et ateliers \u00e0 venir\",\"publisher\":{\"@id\":\"https:\/\/www.alykanya.fr\/#\/schema\/person\/1f5855179a0abf33c222b1156fa7e28e\"},\"potentialAction\":[{\"@type\":\"SearchAction\",\"target\":{\"@type\":\"EntryPoint\",\"urlTemplate\":\"https:\/\/www.alykanya.fr\/?s={search_term_string}\"},\"query-input\":{\"@type\":\"PropertyValueSpecification\",\"valueRequired\":true,\"valueName\":\"search_term_string\"}}],\"inLanguage\":\"fr-FR\"},{\"@type\":[\"Person\",\"Organization\"],\"@id\":\"https:\/\/www.alykanya.fr\/#\/schema\/person\/1f5855179a0abf33c222b1156fa7e28e\",\"name\":\"Alykanya\",\"image\":{\"@type\":\"ImageObject\",\"inLanguage\":\"fr-FR\",\"@id\":\"https:\/\/www.alykanya.fr\/#\/schema\/person\/image\/\",\"url\":\"https:\/\/www.alykanya.fr\/wp-content\/uploads\/2025\/05\/cropped-cropped-cropped-Design-sans-titre-6.png\",\"contentUrl\":\"https:\/\/www.alykanya.fr\/wp-content\/uploads\/2025\/05\/cropped-cropped-cropped-Design-sans-titre-6.png\",\"width\":81,\"height\":63,\"caption\":\"Alykanya\"},\"logo\":{\"@id\":\"https:\/\/www.alykanya.fr\/#\/schema\/person\/image\/\"},\"sameAs\":[\"http:\/\/alykanw.cluster100.hosting.ovh.net\",\"https:\/\/soundcloud.com\/alykanya\/\"]}]}<\/script>\n<!-- \/ Yoast SEO plugin. -->","yoast_head_json":{"title":"Les Jeudis Bienveillants \u2013 Accueil, \u00e9coute et soins \u00e9nerg\u00e9tiques \u00e0 Apremont avec Alykanya","description":"Participe aux Jeudis Bienveillants d\u2019Alykanya \u00e0 Apremont : un apr\u00e8s-midi d\u2019accueil, d\u2019\u00e9coute et de soins \u00e9nerg\u00e9tiques gratuits, suivi d\u2019une soir\u00e9e de chants de gu\u00e9rison. Un espace bienveillant et simple pour se ressourcer ensemble.","robots":{"index":"index","follow":"follow","max-snippet":"max-snippet:-1","max-image-preview":"max-image-preview:large","max-video-preview":"max-video-preview:-1"},"canonical":"https:\/\/www.alykanya.fr\/index.php\/les-jeudis-bienveillants\/","og_locale":"fr_FR","og_type":"article","og_title":"Les Jeudis Bienveillants \u2013 Accueil, \u00e9coute et soins \u00e9nerg\u00e9tiques \u00e0 Apremont avec Alykanya","og_description":"Participe aux Jeudis Bienveillants d\u2019Alykanya \u00e0 Apremont : un apr\u00e8s-midi d\u2019accueil, d\u2019\u00e9coute et de soins \u00e9nerg\u00e9tiques gratuits, suivi d\u2019une soir\u00e9e de chants de gu\u00e9rison. Un espace bienveillant et simple pour se ressourcer ensemble.","og_url":"https:\/\/www.alykanya.fr\/index.php\/les-jeudis-bienveillants\/","og_site_name":"Alykanya.fr","article_modified_time":"2025-10-08T22:42:40+00:00","og_image":[{"width":1024,"height":1024,"url":"https:\/\/www.alykanya.fr\/wp-content\/uploads\/2025\/09\/485662245_627959130103997_5526429687265787196_n.jpg","type":"image\/jpeg"}],"twitter_card":"summary_large_image","twitter_misc":{"Dur\u00e9e de lecture estim\u00e9e":"4 minutes"},"schema":{"@context":"https:\/\/schema.org","@graph":[{"@type":"WebPage","@id":"https:\/\/www.alykanya.fr\/index.php\/les-jeudis-bienveillants\/","url":"https:\/\/www.alykanya.fr\/index.php\/les-jeudis-bienveillants\/","name":"Les Jeudis Bienveillants \u2013 Accueil, \u00e9coute et soins \u00e9nerg\u00e9tiques \u00e0 Apremont avec Alykanya","isPartOf":{"@id":"https:\/\/www.alykanya.fr\/#website"},"primaryImageOfPage":{"@id":"https:\/\/www.alykanya.fr\/index.php\/les-jeudis-bienveillants\/#primaryimage"},"image":{"@id":"https:\/\/www.alykanya.fr\/index.php\/les-jeudis-bienveillants\/#primaryimage"},"thumbnailUrl":"https:\/\/www.alykanya.fr\/wp-content\/uploads\/2025\/09\/485662245_627959130103997_5526429687265787196_n.jpg","datePublished":"2025-09-01T20:54:24+00:00","dateModified":"2025-10-08T22:42:40+00:00","description":"Participe aux Jeudis Bienveillants d\u2019Alykanya \u00e0 Apremont : un apr\u00e8s-midi d\u2019accueil, d\u2019\u00e9coute et de soins \u00e9nerg\u00e9tiques gratuits, suivi d\u2019une soir\u00e9e de chants de gu\u00e9rison. Un espace bienveillant et simple pour se ressourcer ensemble.","breadcrumb":{"@id":"https:\/\/www.alykanya.fr\/index.php\/les-jeudis-bienveillants\/#breadcrumb"},"inLanguage":"fr-FR","potentialAction":[{"@type":"ReadAction","target":["https:\/\/www.alykanya.fr\/index.php\/les-jeudis-bienveillants\/"]}]},{"@type":"ImageObject","inLanguage":"fr-FR","@id":"https:\/\/www.alykanya.fr\/index.php\/les-jeudis-bienveillants\/#primaryimage","url":"https:\/\/www.alykanya.fr\/wp-content\/uploads\/2025\/09\/485662245_627959130103997_5526429687265787196_n.jpg","contentUrl":"https:\/\/www.alykanya.fr\/wp-content\/uploads\/2025\/09\/485662245_627959130103997_5526429687265787196_n.jpg","width":1024,"height":1024},{"@type":"BreadcrumbList","@id":"https:\/\/www.alykanya.fr\/index.php\/les-jeudis-bienveillants\/#breadcrumb","itemListElement":[{"@type":"ListItem","position":1,"name":"Accueil","item":"https:\/\/www.alykanya.fr\/"},{"@type":"ListItem","position":2,"name":"Les Jeudis Bienveillants"}]},{"@type":"WebSite","@id":"https:\/\/www.alykanya.fr\/#website","url":"https:\/\/www.alykanya.fr\/","name":"Alykanya.fr","description":"D\u00e9couvrez les danses, concerts et ateliers \u00e0 venir","publisher":{"@id":"https:\/\/www.alykanya.fr\/#\/schema\/person\/1f5855179a0abf33c222b1156fa7e28e"},"potentialAction":[{"@type":"SearchAction","target":{"@type":"EntryPoint","urlTemplate":"https:\/\/www.alykanya.fr\/?s={search_term_string}"},"query-input":{"@type":"PropertyValueSpecification","valueRequired":true,"valueName":"search_term_string"}}],"inLanguage":"fr-FR"},{"@type":["Person","Organization"],"@id":"https:\/\/www.alykanya.fr\/#\/schema\/person\/1f5855179a0abf33c222b1156fa7e28e","name":"Alykanya","image":{"@type":"ImageObject","inLanguage":"fr-FR","@id":"https:\/\/www.alykanya.fr\/#\/schema\/person\/image\/","url":"https:\/\/www.alykanya.fr\/wp-content\/uploads\/2025\/05\/cropped-cropped-cropped-Design-sans-titre-6.png","contentUrl":"https:\/\/www.alykanya.fr\/wp-content\/uploads\/2025\/05\/cropped-cropped-cropped-Design-sans-titre-6.png","width":81,"height":63,"caption":"Alykanya"},"logo":{"@id":"https:\/\/www.alykanya.fr\/#\/schema\/person\/image\/"},"sameAs":["http:\/\/alykanw.cluster100.hosting.ovh.net","https:\/\/soundcloud.com\/alykanya\/"]}]}},"_links":{"self":[{"href":"https:\/\/www.alykanya.fr\/index.php\/wp-json\/wp\/v2\/pages\/1315","targetHints":{"allow":["GET"]}}],"collection":[{"href":"https:\/\/www.alykanya.fr\/index.php\/wp-json\/wp\/v2\/pages"}],"about":[{"href":"https:\/\/www.alykanya.fr\/index.php\/wp-json\/wp\/v2\/types\/page"}],"author":[{"embeddable":true,"href":"https:\/\/www.alykanya.fr\/index.php\/wp-json\/wp\/v2\/users\/1"}],"replies":[{"embeddable":true,"href":"https:\/\/www.alykanya.fr\/index.php\/wp-json\/wp\/v2\/comments?post=1315"}],"version-history":[{"count":25,"href":"https:\/\/www.alykanya.fr\/index.php\/wp-json\/wp\/v2\/pages\/1315\/revisions"}],"predecessor-version":[{"id":1828,"href":"https:\/\/www.alykanya.fr\/index.php\/wp-json\/wp\/v2\/pages\/1315\/revisions\/1828"}],"wp:featuredmedia":[{"embeddable":true,"href":"https:\/\/www.alykanya.fr\/index.php\/wp-json\/wp\/v2\/media\/1246"}],"wp:attachment":[{"href":"https:\/\/www.alykanya.fr\/index.php\/wp-json\/wp\/v2\/media?parent=1315"}],"curies":[{"name":"wp","href":"https:\/\/api.w.org\/{rel}","templated":true}]}}