{"id":1285,"date":"2025-09-01T22:43:45","date_gmt":"2025-09-01T20:43:45","guid":{"rendered":"https:\/\/www.alykanya.fr\/?page_id=1285"},"modified":"2025-10-08T19:41:45","modified_gmt":"2025-10-08T17:41:45","slug":"communaute-consciente","status":"publish","type":"page","link":"https:\/\/www.alykanya.fr\/index.php\/communaute-consciente\/","title":{"rendered":"Communaut\u00e9 consciente\u200b"},"content":{"rendered":"\t\t<div data-elementor-type=\"wp-page\" data-elementor-id=\"1285\" class=\"elementor elementor-1285\">\n\t\t\t\t<div class=\"elementor-element elementor-element-bf4f1fe e-flex e-con-boxed e-con e-parent\" data-id=\"bf4f1fe\" data-element_type=\"container\" data-e-type=\"container\">\n\t\t\t\t\t<div class=\"e-con-inner\">\n\t\t\t\t\t<\/div>\n\t\t\t\t<\/div>\n\t\t<div class=\"elementor-element elementor-element-64593f3 e-flex e-con-boxed e-con e-parent\" data-id=\"64593f3\" data-element_type=\"container\" data-e-type=\"container\">\n\t\t\t\t\t<div class=\"e-con-inner\">\n\t\t\t\t<div class=\"elementor-element elementor-element-9362201 elementor-widget elementor-widget-text-editor\" data-id=\"9362201\" data-element_type=\"widget\" data-e-type=\"widget\" data-widget_type=\"text-editor.default\">\n\t\t\t\t<div class=\"elementor-widget-container\">\n\t\t\t\t\t\t\t\t\t<h2 data-start=\"111\" data-end=\"150\"><img decoding=\"async\" draggable=\"false\" role=\"img\" class=\"emoji\" alt=\"\ud83c\udf3f\" src=\"https:\/\/s.w.org\/images\/core\/emoji\/16.0.1\/svg\/1f33f.svg\"> Communaut\u00e9 consciente en Vend\u00e9e<\/h2>\n<p data-start=\"152\" data-end=\"447\">Je suis <strong data-start=\"160\" data-end=\"172\">Alykanya<\/strong>, DJ et Ma\u00eetresse de c\u00e9r\u00e9monie et j&rsquo;organise des&nbsp;<strong data-start=\"203\" data-end=\"231\">Ecstatic Dance en Vend\u00e9e<\/strong>.<br data-start=\"232\" data-end=\"235\">\u00c0 travers ces \u00e9v\u00e8nements,&nbsp;&nbsp;j\u2019ai \u00e0 c\u0153ur de cr\u00e9er des espaces de <strong data-start=\"314\" data-end=\"329\">danse libre<\/strong>, de <strong data-start=\"334\" data-end=\"350\">chant rituel<\/strong> et de <strong data-start=\"357\" data-end=\"380\">bien-\u00eatre collectif<\/strong>, o\u00f9 chacun peut se relier, se soutenir et s\u2019\u00e9panouir pleinement, rassemblant&nbsp;<span data-start=\"251\" data-end=\"276\" style=\"font-family: Nunito; font-size: 15px; font-style: normal; font-variant-ligatures: normal; font-variant-caps: normal; font-weight: 600;\">communaut\u00e9 consciente<\/span><span style=\"font-size: 15px;\">.<\/span><\/p>\n<h3 data-start=\"449\" data-end=\"491\">Une communaut\u00e9 consciente et joyeuse<\/h3>\n<p data-start=\"492\" data-end=\"858\">Que ce soit \u00e0 travers les&nbsp;<a href=\"https:\/\/www.alykanya.fr\/index.php\/communaute-consciente\/\" target=\"_blank\">Ecstatic Dance \u00e0 La Roche-sur-Yon<\/a>, le&nbsp;<a href=\"https:\/\/www.alykanya.fr\/index.php\/ouest-ecstatic-festival\/\" target=\"_blank\">Ouest Ecstatic Festival<\/a>, les soir\u00e9es&nbsp;<a href=\"https:\/\/www.alykanya.fr\/index.php\/soirees-tous-nes-pour-briller\/\" target=\"_blank\">Tous N\u00e9s Pour Briller<\/a>, ou encore ma participation \u00e0 l\u2019association <strong data-start=\"671\" data-end=\"699\">Arc En Ciel Intelligence<\/strong>, mon intention reste la m\u00eame : <strong data-start=\"731\" data-end=\"794\">tisser une communaut\u00e9 bienveillante, volontaire et vibrante<\/strong>, ancr\u00e9e dans la joie, la simplicit\u00e9 et la conscience du lien.<\/p>\n<p data-start=\"860\" data-end=\"1106\">J\u2019ai \u00e9galement cr\u00e9\u00e9 et j\u2019anime les groupes Facebook <strong data-start=\"912\" data-end=\"943\">\u201c<a href=\"https:\/\/www.facebook.com\/groups\/faisdetavieunefete\" target=\"_blank\">Fais de ta Vie une F\u00eate !<\/a>\u201d<\/strong> ,&nbsp;<strong data-start=\"947\" data-end=\"977\">\u201c<a href=\"https:\/\/www.facebook.com\/groups\/ecstaticdancevendee85\" target=\"_blank\">Ecstatic Dance Vend\u00e9e 85<\/a>\u201d<\/strong>,&nbsp; et \u00ab\u00a0<a href=\"https:\/\/www.facebook.com\/groups\/1058387949296765\" target=\"_blank\">Cercle de chants en Vend\u00e9e<\/a>\u00a0\u00bb des espaces d\u2019\u00e9change et de partage pour rassembler celles et ceux qui souhaitent danser, chanter, vibrer et c\u00e9l\u00e9brer la vie ensemble.<\/p>\n<h3 data-start=\"1108\" data-end=\"1170\">Des espaces de connexion et de transformation int\u00e9rieure<\/h3>\n<p data-start=\"1171\" data-end=\"1514\">Dans un monde o\u00f9 l\u2019isolement grandit, ces <strong data-start=\"1213\" data-end=\"1258\">\u00e9v\u00e9nements de danse et de chant bien-\u00eatre<\/strong> sont de v\u00e9ritables refuges vivants.<br data-start=\"1294\" data-end=\"1297\">La musique, le mouvement et le chant rassemblent, unissent et ouvrent les c\u0153urs.<br data-start=\"1377\" data-end=\"1380\">Chaque instant devient une <strong data-start=\"1407\" data-end=\"1455\">exp\u00e9rience vibratoire et transformationnelle<\/strong>, une c\u00e9l\u00e9bration de la vie, du lien et de la conscience.<\/p>\n<h3 data-start=\"1516\" data-end=\"1565\">Rejoins Ma communaut\u00e9 consciente&nbsp;<\/h3>\n<p data-start=\"1566\" data-end=\"1836\">Participe \u00e0 des <strong data-start=\"1582\" data-end=\"1609\">danses libres en Vend\u00e9e<\/strong>, des <strong data-start=\"1615\" data-end=\"1644\">cercles de chant intuitif<\/strong>, des <strong data-start=\"1650\" data-end=\"1682\">soins vibratoires collectifs<\/strong> ou des <strong data-start=\"1690\" data-end=\"1720\">c\u00e9r\u00e9monies cacao \u00e0 la rose<\/strong>.<br data-start=\"1721\" data-end=\"1724\">Ces espaces favorisent la <strong data-start=\"1750\" data-end=\"1769\">connexion \u00e0 soi<\/strong>, l\u2019<strong data-start=\"1773\" data-end=\"1801\">\u00e9panouissement personnel<\/strong> et la <strong data-start=\"1808\" data-end=\"1833\">reliance au collectif<\/strong>.<\/p>\n<p data-start=\"1838\" data-end=\"1929\"><img decoding=\"async\" draggable=\"false\" role=\"img\" class=\"emoji\" alt=\"\ud83d\udc9b\" src=\"https:\/\/s.w.org\/images\/core\/emoji\/16.0.1\/svg\/1f49b.svg\"> Ensemble, faisons vibrer la conscience dans la joie, la bienveillance et le mouvement.<\/p>\t\t\t\t\t\t\t\t<\/div>\n\t\t\t\t<\/div>\n\t\t\t\t\t<\/div>\n\t\t\t\t<\/div>\n\t\t\t\t<\/div>\n\t\t","protected":false},"excerpt":{"rendered":"<p>Communaut\u00e9 consciente en Vend\u00e9e Je suis Alykanya, DJ et Ma\u00eetresse de c\u00e9r\u00e9monie et j&rsquo;organise des&nbsp;Ecstatic Dance en Vend\u00e9e.\u00c0 travers ces \u00e9v\u00e8nements,&nbsp;&nbsp;j\u2019ai \u00e0 c\u0153ur de cr\u00e9er des espaces de danse libre, de chant rituel et de bien-\u00eatre collectif, o\u00f9 chacun peut se relier, se soutenir et s\u2019\u00e9panouir pleinement, rassemblant&nbsp;communaut\u00e9 consciente. Une communaut\u00e9 consciente et joyeuse Que [&hellip;]<\/p>\n","protected":false},"author":1,"featured_media":0,"parent":0,"menu_order":0,"comment_status":"closed","ping_status":"closed","template":"elementor_header_footer","meta":{"ocean_post_layout":"","ocean_both_sidebars_style":"","ocean_both_sidebars_content_width":0,"ocean_both_sidebars_sidebars_width":0,"ocean_sidebar":"","ocean_second_sidebar":"","ocean_disable_margins":"enable","ocean_add_body_class":"","ocean_shortcode_before_top_bar":"","ocean_shortcode_after_top_bar":"","ocean_shortcode_before_header":"","ocean_shortcode_after_header":"","ocean_has_shortcode":"","ocean_shortcode_after_title":"","ocean_shortcode_before_footer_widgets":"","ocean_shortcode_after_footer_widgets":"","ocean_shortcode_before_footer_bottom":"","ocean_shortcode_after_footer_bottom":"","ocean_display_top_bar":"default","ocean_display_header":"default","ocean_header_style":"","ocean_center_header_left_menu":"","ocean_custom_header_template":"","ocean_custom_logo":0,"ocean_custom_retina_logo":0,"ocean_custom_logo_max_width":0,"ocean_custom_logo_tablet_max_width":0,"ocean_custom_logo_mobile_max_width":0,"ocean_custom_logo_max_height":0,"ocean_custom_logo_tablet_max_height":0,"ocean_custom_logo_mobile_max_height":0,"ocean_header_custom_menu":"","ocean_menu_typo_font_family":"","ocean_menu_typo_font_subset":"","ocean_menu_typo_font_size":0,"ocean_menu_typo_font_size_tablet":0,"ocean_menu_typo_font_size_mobile":0,"ocean_menu_typo_font_size_unit":"px","ocean_menu_typo_font_weight":"","ocean_menu_typo_font_weight_tablet":"","ocean_menu_typo_font_weight_mobile":"","ocean_menu_typo_transform":"","ocean_menu_typo_transform_tablet":"","ocean_menu_typo_transform_mobile":"","ocean_menu_typo_line_height":0,"ocean_menu_typo_line_height_tablet":0,"ocean_menu_typo_line_height_mobile":0,"ocean_menu_typo_line_height_unit":"","ocean_menu_typo_spacing":0,"ocean_menu_typo_spacing_tablet":0,"ocean_menu_typo_spacing_mobile":0,"ocean_menu_typo_spacing_unit":"","ocean_menu_link_color":"","ocean_menu_link_color_hover":"","ocean_menu_link_color_active":"","ocean_menu_link_background":"","ocean_menu_link_hover_background":"","ocean_menu_link_active_background":"","ocean_menu_social_links_bg":"","ocean_menu_social_hover_links_bg":"","ocean_menu_social_links_color":"","ocean_menu_social_hover_links_color":"","ocean_disable_title":"default","ocean_disable_heading":"default","ocean_post_title":"","ocean_post_subheading":"","ocean_post_title_style":"","ocean_post_title_background_color":"","ocean_post_title_background":0,"ocean_post_title_bg_image_position":"","ocean_post_title_bg_image_attachment":"","ocean_post_title_bg_image_repeat":"","ocean_post_title_bg_image_size":"","ocean_post_title_height":0,"ocean_post_title_bg_overlay":0.5,"ocean_post_title_bg_overlay_color":"","ocean_disable_breadcrumbs":"default","ocean_breadcrumbs_color":"","ocean_breadcrumbs_separator_color":"","ocean_breadcrumbs_links_color":"","ocean_breadcrumbs_links_hover_color":"","ocean_display_footer_widgets":"default","ocean_display_footer_bottom":"default","ocean_custom_footer_template":"","omw_enable_modal_window":"enable","footnotes":""},"class_list":["post-1285","page","type-page","status-publish","hentry","entry"],"yoast_head":"<!-- This site is optimized with the Yoast SEO plugin v26.1.1 - https:\/\/yoast.com\/wordpress\/plugins\/seo\/ -->\n<title>Communaut\u00e9 consciente en Vend\u00e9e Ecstatic Dance, chant rituel &amp; bien-\u00eatre avec Alykanya<\/title>\n<meta name=\"description\" content=\"Rejoins la communaut\u00e9 consciente d\u2019Alykanya en Vend\u00e9e : Ecstatic Dance, cercles de chant, soins vibratoires collectifs et c\u00e9r\u00e9monies cacao \u00e0 la rose pour se relier, vibrer et s\u2019\u00e9panouir ensemble.\" \/>\n<meta name=\"robots\" content=\"index, follow, max-snippet:-1, max-image-preview:large, max-video-preview:-1\" \/>\n<link rel=\"canonical\" href=\"https:\/\/www.alykanya.fr\/index.php\/communaute-consciente\/\" \/>\n<meta property=\"og:locale\" content=\"fr_FR\" \/>\n<meta property=\"og:type\" content=\"article\" \/>\n<meta property=\"og:title\" content=\"Communaut\u00e9 consciente en Vend\u00e9e Ecstatic Dance, chant rituel &amp; bien-\u00eatre avec Alykanya\" \/>\n<meta property=\"og:description\" content=\"Rejoins la communaut\u00e9 consciente d\u2019Alykanya en Vend\u00e9e : Ecstatic Dance, cercles de chant, soins vibratoires collectifs et c\u00e9r\u00e9monies cacao \u00e0 la rose pour se relier, vibrer et s\u2019\u00e9panouir ensemble.\" \/>\n<meta property=\"og:url\" content=\"https:\/\/www.alykanya.fr\/index.php\/communaute-consciente\/\" \/>\n<meta property=\"og:site_name\" content=\"Alykanya.fr\" \/>\n<meta property=\"article:modified_time\" content=\"2025-10-08T17:41:45+00:00\" \/>\n<meta property=\"og:image\" content=\"https:\/\/s.w.org\/images\/core\/emoji\/16.0.1\/svg\/1f33f.svg\" \/>\n<meta name=\"twitter:card\" content=\"summary_large_image\" \/>\n<meta name=\"twitter:label1\" content=\"Dur\u00e9e de lecture estim\u00e9e\" \/>\n\t<meta name=\"twitter:data1\" content=\"2 minutes\" \/>\n<script type=\"application\/ld+json\" class=\"yoast-schema-graph\">{\"@context\":\"https:\/\/schema.org\",\"@graph\":[{\"@type\":\"WebPage\",\"@id\":\"https:\/\/www.alykanya.fr\/index.php\/communaute-consciente\/\",\"url\":\"https:\/\/www.alykanya.fr\/index.php\/communaute-consciente\/\",\"name\":\"Communaut\u00e9 consciente en Vend\u00e9e Ecstatic Dance, chant rituel & bien-\u00eatre avec Alykanya\",\"isPartOf\":{\"@id\":\"https:\/\/www.alykanya.fr\/#website\"},\"primaryImageOfPage\":{\"@id\":\"https:\/\/www.alykanya.fr\/index.php\/communaute-consciente\/#primaryimage\"},\"image\":{\"@id\":\"https:\/\/www.alykanya.fr\/index.php\/communaute-consciente\/#primaryimage\"},\"thumbnailUrl\":\"https:\/\/s.w.org\/images\/core\/emoji\/16.0.1\/svg\/1f33f.svg\",\"datePublished\":\"2025-09-01T20:43:45+00:00\",\"dateModified\":\"2025-10-08T17:41:45+00:00\",\"description\":\"Rejoins la communaut\u00e9 consciente d\u2019Alykanya en Vend\u00e9e : Ecstatic Dance, cercles de chant, soins vibratoires collectifs et c\u00e9r\u00e9monies cacao \u00e0 la rose pour se relier, vibrer et s\u2019\u00e9panouir ensemble.\",\"breadcrumb\":{\"@id\":\"https:\/\/www.alykanya.fr\/index.php\/communaute-consciente\/#breadcrumb\"},\"inLanguage\":\"fr-FR\",\"potentialAction\":[{\"@type\":\"ReadAction\",\"target\":[\"https:\/\/www.alykanya.fr\/index.php\/communaute-consciente\/\"]}]},{\"@type\":\"ImageObject\",\"inLanguage\":\"fr-FR\",\"@id\":\"https:\/\/www.alykanya.fr\/index.php\/communaute-consciente\/#primaryimage\",\"url\":\"https:\/\/s.w.org\/images\/core\/emoji\/16.0.1\/svg\/1f33f.svg\",\"contentUrl\":\"https:\/\/s.w.org\/images\/core\/emoji\/16.0.1\/svg\/1f33f.svg\"},{\"@type\":\"BreadcrumbList\",\"@id\":\"https:\/\/www.alykanya.fr\/index.php\/communaute-consciente\/#breadcrumb\",\"itemListElement\":[{\"@type\":\"ListItem\",\"position\":1,\"name\":\"Accueil\",\"item\":\"https:\/\/www.alykanya.fr\/\"},{\"@type\":\"ListItem\",\"position\":2,\"name\":\"Communaut\u00e9 consciente\u200b\"}]},{\"@type\":\"WebSite\",\"@id\":\"https:\/\/www.alykanya.fr\/#website\",\"url\":\"https:\/\/www.alykanya.fr\/\",\"name\":\"Alykanya.fr\",\"description\":\"D\u00e9couvrez les danses, concerts et ateliers \u00e0 venir\",\"publisher\":{\"@id\":\"https:\/\/www.alykanya.fr\/#\/schema\/person\/1f5855179a0abf33c222b1156fa7e28e\"},\"potentialAction\":[{\"@type\":\"SearchAction\",\"target\":{\"@type\":\"EntryPoint\",\"urlTemplate\":\"https:\/\/www.alykanya.fr\/?s={search_term_string}\"},\"query-input\":{\"@type\":\"PropertyValueSpecification\",\"valueRequired\":true,\"valueName\":\"search_term_string\"}}],\"inLanguage\":\"fr-FR\"},{\"@type\":[\"Person\",\"Organization\"],\"@id\":\"https:\/\/www.alykanya.fr\/#\/schema\/person\/1f5855179a0abf33c222b1156fa7e28e\",\"name\":\"Alykanya\",\"image\":{\"@type\":\"ImageObject\",\"inLanguage\":\"fr-FR\",\"@id\":\"https:\/\/www.alykanya.fr\/#\/schema\/person\/image\/\",\"url\":\"https:\/\/www.alykanya.fr\/wp-content\/uploads\/2025\/05\/cropped-cropped-cropped-Design-sans-titre-6.png\",\"contentUrl\":\"https:\/\/www.alykanya.fr\/wp-content\/uploads\/2025\/05\/cropped-cropped-cropped-Design-sans-titre-6.png\",\"width\":81,\"height\":63,\"caption\":\"Alykanya\"},\"logo\":{\"@id\":\"https:\/\/www.alykanya.fr\/#\/schema\/person\/image\/\"},\"sameAs\":[\"http:\/\/alykanw.cluster100.hosting.ovh.net\",\"https:\/\/soundcloud.com\/alykanya\/\"]}]}<\/script>\n<!-- \/ Yoast SEO plugin. -->","yoast_head_json":{"title":"Communaut\u00e9 consciente en Vend\u00e9e Ecstatic Dance, chant rituel & bien-\u00eatre avec Alykanya","description":"Rejoins la communaut\u00e9 consciente d\u2019Alykanya en Vend\u00e9e : Ecstatic Dance, cercles de chant, soins vibratoires collectifs et c\u00e9r\u00e9monies cacao \u00e0 la rose pour se relier, vibrer et s\u2019\u00e9panouir ensemble.","robots":{"index":"index","follow":"follow","max-snippet":"max-snippet:-1","max-image-preview":"max-image-preview:large","max-video-preview":"max-video-preview:-1"},"canonical":"https:\/\/www.alykanya.fr\/index.php\/communaute-consciente\/","og_locale":"fr_FR","og_type":"article","og_title":"Communaut\u00e9 consciente en Vend\u00e9e Ecstatic Dance, chant rituel & bien-\u00eatre avec Alykanya","og_description":"Rejoins la communaut\u00e9 consciente d\u2019Alykanya en Vend\u00e9e : Ecstatic Dance, cercles de chant, soins vibratoires collectifs et c\u00e9r\u00e9monies cacao \u00e0 la rose pour se relier, vibrer et s\u2019\u00e9panouir ensemble.","og_url":"https:\/\/www.alykanya.fr\/index.php\/communaute-consciente\/","og_site_name":"Alykanya.fr","article_modified_time":"2025-10-08T17:41:45+00:00","og_image":[{"url":"https:\/\/s.w.org\/images\/core\/emoji\/16.0.1\/svg\/1f33f.svg","type":"","width":"","height":""}],"twitter_card":"summary_large_image","twitter_misc":{"Dur\u00e9e de lecture estim\u00e9e":"2 minutes"},"schema":{"@context":"https:\/\/schema.org","@graph":[{"@type":"WebPage","@id":"https:\/\/www.alykanya.fr\/index.php\/communaute-consciente\/","url":"https:\/\/www.alykanya.fr\/index.php\/communaute-consciente\/","name":"Communaut\u00e9 consciente en Vend\u00e9e Ecstatic Dance, chant rituel & bien-\u00eatre avec Alykanya","isPartOf":{"@id":"https:\/\/www.alykanya.fr\/#website"},"primaryImageOfPage":{"@id":"https:\/\/www.alykanya.fr\/index.php\/communaute-consciente\/#primaryimage"},"image":{"@id":"https:\/\/www.alykanya.fr\/index.php\/communaute-consciente\/#primaryimage"},"thumbnailUrl":"https:\/\/s.w.org\/images\/core\/emoji\/16.0.1\/svg\/1f33f.svg","datePublished":"2025-09-01T20:43:45+00:00","dateModified":"2025-10-08T17:41:45+00:00","description":"Rejoins la communaut\u00e9 consciente d\u2019Alykanya en Vend\u00e9e : Ecstatic Dance, cercles de chant, soins vibratoires collectifs et c\u00e9r\u00e9monies cacao \u00e0 la rose pour se relier, vibrer et s\u2019\u00e9panouir ensemble.","breadcrumb":{"@id":"https:\/\/www.alykanya.fr\/index.php\/communaute-consciente\/#breadcrumb"},"inLanguage":"fr-FR","potentialAction":[{"@type":"ReadAction","target":["https:\/\/www.alykanya.fr\/index.php\/communaute-consciente\/"]}]},{"@type":"ImageObject","inLanguage":"fr-FR","@id":"https:\/\/www.alykanya.fr\/index.php\/communaute-consciente\/#primaryimage","url":"https:\/\/s.w.org\/images\/core\/emoji\/16.0.1\/svg\/1f33f.svg","contentUrl":"https:\/\/s.w.org\/images\/core\/emoji\/16.0.1\/svg\/1f33f.svg"},{"@type":"BreadcrumbList","@id":"https:\/\/www.alykanya.fr\/index.php\/communaute-consciente\/#breadcrumb","itemListElement":[{"@type":"ListItem","position":1,"name":"Accueil","item":"https:\/\/www.alykanya.fr\/"},{"@type":"ListItem","position":2,"name":"Communaut\u00e9 consciente\u200b"}]},{"@type":"WebSite","@id":"https:\/\/www.alykanya.fr\/#website","url":"https:\/\/www.alykanya.fr\/","name":"Alykanya.fr","description":"D\u00e9couvrez les danses, concerts et ateliers \u00e0 venir","publisher":{"@id":"https:\/\/www.alykanya.fr\/#\/schema\/person\/1f5855179a0abf33c222b1156fa7e28e"},"potentialAction":[{"@type":"SearchAction","target":{"@type":"EntryPoint","urlTemplate":"https:\/\/www.alykanya.fr\/?s={search_term_string}"},"query-input":{"@type":"PropertyValueSpecification","valueRequired":true,"valueName":"search_term_string"}}],"inLanguage":"fr-FR"},{"@type":["Person","Organization"],"@id":"https:\/\/www.alykanya.fr\/#\/schema\/person\/1f5855179a0abf33c222b1156fa7e28e","name":"Alykanya","image":{"@type":"ImageObject","inLanguage":"fr-FR","@id":"https:\/\/www.alykanya.fr\/#\/schema\/person\/image\/","url":"https:\/\/www.alykanya.fr\/wp-content\/uploads\/2025\/05\/cropped-cropped-cropped-Design-sans-titre-6.png","contentUrl":"https:\/\/www.alykanya.fr\/wp-content\/uploads\/2025\/05\/cropped-cropped-cropped-Design-sans-titre-6.png","width":81,"height":63,"caption":"Alykanya"},"logo":{"@id":"https:\/\/www.alykanya.fr\/#\/schema\/person\/image\/"},"sameAs":["http:\/\/alykanw.cluster100.hosting.ovh.net","https:\/\/soundcloud.com\/alykanya\/"]}]}},"_links":{"self":[{"href":"https:\/\/www.alykanya.fr\/index.php\/wp-json\/wp\/v2\/pages\/1285","targetHints":{"allow":["GET"]}}],"collection":[{"href":"https:\/\/www.alykanya.fr\/index.php\/wp-json\/wp\/v2\/pages"}],"about":[{"href":"https:\/\/www.alykanya.fr\/index.php\/wp-json\/wp\/v2\/types\/page"}],"author":[{"embeddable":true,"href":"https:\/\/www.alykanya.fr\/index.php\/wp-json\/wp\/v2\/users\/1"}],"replies":[{"embeddable":true,"href":"https:\/\/www.alykanya.fr\/index.php\/wp-json\/wp\/v2\/comments?post=1285"}],"version-history":[{"count":16,"href":"https:\/\/www.alykanya.fr\/index.php\/wp-json\/wp\/v2\/pages\/1285\/revisions"}],"predecessor-version":[{"id":1718,"href":"https:\/\/www.alykanya.fr\/index.php\/wp-json\/wp\/v2\/pages\/1285\/revisions\/1718"}],"wp:attachment":[{"href":"https:\/\/www.alykanya.fr\/index.php\/wp-json\/wp\/v2\/media?parent=1285"}],"curies":[{"name":"wp","href":"https:\/\/api.w.org\/{rel}","templated":true}]}}