{"id":1153,"date":"2025-05-26T23:41:59","date_gmt":"2025-05-26T21:41:59","guid":{"rendered":"https:\/\/www.alykanya.fr\/?page_id=1153"},"modified":"2025-10-08T20:01:29","modified_gmt":"2025-10-08T18:01:29","slug":"move-smile","status":"publish","type":"page","link":"https:\/\/www.alykanya.fr\/index.php\/move-smile\/","title":{"rendered":"MOVE &amp; SMILE \u2013 Danse libre &amp; bien-\u00eatre"},"content":{"rendered":"\t\t<div data-elementor-type=\"wp-page\" data-elementor-id=\"1153\" class=\"elementor elementor-1153\">\n\t\t\t\t<div class=\"elementor-element elementor-element-88a80b9 e-flex e-con-boxed e-con e-parent\" data-id=\"88a80b9\" data-element_type=\"container\" data-e-type=\"container\">\n\t\t\t\t\t<div class=\"e-con-inner\">\n\t\t\t\t<div class=\"elementor-element elementor-element-f9a3bcf elementor-widget elementor-widget-text-editor\" data-id=\"f9a3bcf\" data-element_type=\"widget\" data-e-type=\"widget\" data-widget_type=\"text-editor.default\">\n\t\t\t\t<div class=\"elementor-widget-container\">\n\t\t\t\t\t\t\t\t\t<h2 data-start=\"255\" data-end=\"270\">Le concept<\/h2><p data-start=\"271\" data-end=\"471\">MOVE &amp; SMILE, c\u2019est une <strong data-start=\"295\" data-end=\"336\">parenth\u00e8se de libert\u00e9 et de mouvement<\/strong>, inspir\u00e9e de l\u2019Ecstatic Dance.<br data-start=\"367\" data-end=\"370\" \/>Pieds nus, sans alcool, sans t\u00e9l\u00e9phone, chacun danse <strong data-start=\"423\" data-end=\"468\">librement, en conscience et sans jugement<\/strong>.<\/p><p data-start=\"473\" data-end=\"499\">Deux formats possibles :<\/p><ul data-start=\"500\" data-end=\"685\"><li data-start=\"500\" data-end=\"578\"><p data-start=\"502\" data-end=\"578\"><strong data-start=\"502\" data-end=\"520\">Sono classique<\/strong> : pour une ambiance immersive, en salle ou en ext\u00e9rieur<\/p><\/li><li data-start=\"579\" data-end=\"685\"><p data-start=\"581\" data-end=\"685\"><strong data-start=\"581\" data-end=\"616\">Silent Party avec casques audio<\/strong> : z\u00e9ro nuisance sonore, libert\u00e9 totale, jusqu\u2019\u00e0 25 casques fournis (possibilit\u00e9 d&rsquo;aller jusqu&rsquo;\u00e0 50)<\/p><\/li><\/ul><p data-start=\"687\" data-end=\"774\"><img decoding=\"async\" class=\"emoji\" role=\"img\" draggable=\"false\" src=\"https:\/\/s.w.org\/images\/core\/emoji\/16.0.1\/svg\/1f449.svg\" alt=\"\ud83d\udc49\" \/> Une exp\u00e9rience \u00e0 la fois <strong data-start=\"715\" data-end=\"752\">sensorielle, festive et bien-\u00eatre<\/strong>, accessible \u00e0 tous.<\/p><hr data-start=\"776\" data-end=\"779\" \/><h2 data-start=\"781\" data-end=\"796\">Pour qui ?<\/h2><p data-start=\"797\" data-end=\"910\">MOVE &amp; SMILE s\u2019adresse \u00e0 tous les lieux qui veulent offrir une <strong data-start=\"860\" data-end=\"906\">exp\u00e9rience originale, saine et f\u00e9d\u00e9ratrice<\/strong> :<\/p><ul data-start=\"912\" data-end=\"1432\"><li data-start=\"912\" data-end=\"972\"><p data-start=\"914\" data-end=\"972\"><strong data-start=\"914\" data-end=\"926\">Campings<\/strong> : animation bien-\u00eatre moderne et conviviale<\/p><\/li><li data-start=\"973\" data-end=\"1045\"><p data-start=\"975\" data-end=\"1045\"><strong data-start=\"975\" data-end=\"992\">H\u00f4tels &amp; spas<\/strong> : une exp\u00e9rience premium, sensorielle et m\u00e9morable<\/p><\/li><li data-start=\"1046\" data-end=\"1128\"><p data-start=\"1048\" data-end=\"1128\"><strong data-start=\"1048\" data-end=\"1071\">Centres de vacances<\/strong> : activit\u00e9 de coh\u00e9sion, sans nuisance sonore ni risque<\/p><\/li><li data-start=\"1129\" data-end=\"1219\"><p data-start=\"1131\" data-end=\"1219\"><strong data-start=\"1131\" data-end=\"1146\">Entreprises<\/strong> : outil de <strong data-start=\"1158\" data-end=\"1175\">team building<\/strong> puissant pour renforcer l\u2019esprit d\u2019\u00e9quipe<\/p><\/li><li data-start=\"1220\" data-end=\"1300\"><p data-start=\"1222\" data-end=\"1300\"><strong data-start=\"1222\" data-end=\"1238\">Associations<\/strong> : un moment de partage qui rassemble toutes les g\u00e9n\u00e9rations<\/p><\/li><li data-start=\"1301\" data-end=\"1432\"><p data-start=\"1303\" data-end=\"1432\"><strong data-start=\"1303\" data-end=\"1358\">Instituts (maisons de retraite, de sant\u00e9, de soins)<\/strong> : un espace adapt\u00e9, doux et joyeux, qui remet du mouvement et de la vie<\/p><\/li><\/ul><hr data-start=\"1434\" data-end=\"1437\" \/><h2 data-start=\"1439\" data-end=\"1465\">Pourquoi c\u2019est unique<\/h2><ul data-start=\"1466\" data-end=\"1953\"><li data-start=\"1466\" data-end=\"1519\"><p data-start=\"1468\" data-end=\"1519\">Une <strong data-start=\"1472\" data-end=\"1496\">activit\u00e9 cl\u00e9 en main<\/strong>, simple \u00e0 accueillir<\/p><\/li><li data-start=\"1520\" data-end=\"1585\"><p data-start=\"1522\" data-end=\"1585\">Sans d\u00e9bordement : pas d\u2019alcool, pas de bruit, pas de d\u00e9chets<\/p><\/li><li data-start=\"1586\" data-end=\"1638\"><p data-start=\"1588\" data-end=\"1638\">Adapt\u00e9e \u00e0 tous les \u00e2ges et toutes les conditions<\/p><\/li><li data-start=\"1639\" data-end=\"1718\"><p data-start=\"1641\" data-end=\"1718\">Exp\u00e9rience originale qui cr\u00e9e des souvenirs durables et valorise votre lieu<\/p><\/li><li data-start=\"1719\" data-end=\"1800\"><p data-start=\"1721\" data-end=\"1800\">Format flexible : en int\u00e9rieur ou ext\u00e9rieur, en sono ou au casque, 1h30 ou 2h<\/p><\/li><li data-start=\"1801\" data-end=\"1884\"><p data-start=\"1803\" data-end=\"1884\">Favorise <strong data-start=\"1812\" data-end=\"1882\">le lien humain, le sentiment d\u2019appartenance, la confiance mutuelle<\/strong><\/p><\/li><li data-start=\"1885\" data-end=\"1953\"><p data-start=\"1887\" data-end=\"1953\">Apporte <strong data-start=\"1895\" data-end=\"1951\">de la joie, de l\u2019\u00e9lan, de l\u2019espoir et de la vitalit\u00e9<\/strong><\/p><\/li><\/ul><hr data-start=\"1955\" data-end=\"1958\" \/><h2 data-start=\"1960\" data-end=\"1977\">D\u00e9roul\u00e9 type<\/h2><ul data-start=\"1978\" data-end=\"2089\"><li data-start=\"1978\" data-end=\"2013\"><p data-start=\"1980\" data-end=\"2013\">Accueil &amp; installation (15 min)<\/p><\/li><li data-start=\"2014\" data-end=\"2058\"><p data-start=\"2016\" data-end=\"2058\">Danse libre guid\u00e9e &amp; DJ set (1h ou 1h30)<\/p><\/li><li data-start=\"2059\" data-end=\"2089\"><p data-start=\"2061\" data-end=\"2089\">Cercle de cl\u00f4ture (15 min)<\/p><\/li><\/ul><p data-start=\"2091\" data-end=\"2136\">Dur\u00e9e totale : <strong data-start=\"2106\" data-end=\"2133\">1h30 \u00e0 2h selon formule<\/strong>.<\/p><h2 data-start=\"255\" data-end=\"267\">Contact<\/h2><p data-start=\"268\" data-end=\"333\"><img decoding=\"async\" class=\"emoji\" role=\"img\" draggable=\"false\" src=\"https:\/\/s.w.org\/images\/core\/emoji\/16.0.1\/svg\/1f4de.svg\" alt=\"\ud83d\udcde\" \/> 06 23 50 65 43<br data-start=\"285\" data-end=\"288\" \/><img decoding=\"async\" class=\"emoji\" role=\"img\" draggable=\"false\" src=\"https:\/\/s.w.org\/images\/core\/emoji\/16.0.1\/svg\/1f4e7.svg\" alt=\"\ud83d\udce7\" \/> <a class=\"decorated-link\" href=\"mailto:contact@alykanya.fr\" rel=\"noopener\" data-start=\"291\" data-end=\"310\">contact@alykanya.fr<\/a><br data-start=\"310\" data-end=\"313\" \/><img decoding=\"async\" class=\"emoji\" role=\"img\" draggable=\"false\" src=\"https:\/\/s.w.org\/images\/core\/emoji\/16.0.1\/svg\/1f310.svg\" alt=\"\ud83c\udf10\" \/> <a class=\"decorated-link\" href=\"http:\/\/www.alykanya.fr\" target=\"_new\" rel=\"noopener\" data-start=\"316\" data-end=\"331\">www.alykanya.fr<\/a><\/p><hr data-start=\"335\" data-end=\"338\" \/><h3 data-start=\"340\" data-end=\"381\">Lancez l\u2019exp\u00e9rience dans votre lieu<\/h3><p data-start=\"382\" data-end=\"517\">Offrez \u00e0 vos clients, collaborateurs ou adh\u00e9rents une animation originale qui cr\u00e9e du lien, de la joie et des souvenirs inoubliables.<\/p><p data-start=\"519\" data-end=\"625\">\u00a0<\/p>\t\t\t\t\t\t\t\t<\/div>\n\t\t\t\t<\/div>\n\t\t\t\t\t<\/div>\n\t\t\t\t<\/div>\n\t\t<div class=\"elementor-element elementor-element-b887987 e-flex e-con-boxed e-con e-parent\" data-id=\"b887987\" data-element_type=\"container\" data-e-type=\"container\">\n\t\t\t\t\t<div class=\"e-con-inner\">\n\t\t\t\t<div class=\"elementor-element elementor-element-fedac67 elementor-align-center elementor-widget elementor-widget-button\" data-id=\"fedac67\" data-element_type=\"widget\" data-e-type=\"widget\" data-widget_type=\"button.default\">\n\t\t\t\t<div class=\"elementor-widget-container\">\n\t\t\t\t\t\t\t\t\t<div class=\"elementor-button-wrapper\">\n\t\t\t\t\t<a class=\"elementor-button elementor-button-link elementor-size-sm\" href=\"mailto:contact@alykanya.fr\" target=\"_blank\">\n\t\t\t\t\t\t<span class=\"elementor-button-content-wrapper\">\n\t\t\t\t\t\t<span class=\"elementor-button-icon\">\n\t\t\t\t<svg aria-hidden=\"true\" class=\"e-font-icon-svg e-far-envelope\" viewBox=\"0 0 512 512\" xmlns=\"http:\/\/www.w3.org\/2000\/svg\"><path d=\"M464 64H48C21.49 64 0 85.49 0 112v288c0 26.51 21.49 48 48 48h416c26.51 0 48-21.49 48-48V112c0-26.51-21.49-48-48-48zm0 48v40.805c-22.422 18.259-58.168 46.651-134.587 106.49-16.841 13.247-50.201 45.072-73.413 44.701-23.208.375-56.579-31.459-73.413-44.701C106.18 199.465 70.425 171.067 48 152.805V112h416zM48 400V214.398c22.914 18.251 55.409 43.862 104.938 82.646 21.857 17.205 60.134 55.186 103.062 54.955 42.717.231 80.509-37.199 103.053-54.947 49.528-38.783 82.032-64.401 104.947-82.653V400H48z\"><\/path><\/svg>\t\t\t<\/span>\n\t\t\t\t\t\t\t\t\t<span class=\"elementor-button-text\">DEMANDEZ un devis!<\/span>\n\t\t\t\t\t<\/span>\n\t\t\t\t\t<\/a>\n\t\t\t\t<\/div>\n\t\t\t\t\t\t\t\t<\/div>\n\t\t\t\t<\/div>\n\t\t\t\t\t<\/div>\n\t\t\t\t<\/div>\n\t\t\t\t<\/div>\n\t\t","protected":false},"excerpt":{"rendered":"<p>Le concept MOVE &amp; SMILE, c\u2019est une parenth\u00e8se de libert\u00e9 et de mouvement, inspir\u00e9e de l\u2019Ecstatic Dance.Pieds nus, sans alcool, sans t\u00e9l\u00e9phone, chacun danse librement, en conscience et sans jugement. Deux formats possibles : Sono classique : pour une ambiance immersive, en salle ou en ext\u00e9rieur Silent Party avec casques audio : z\u00e9ro nuisance sonore, [&hellip;]<\/p>\n","protected":false},"author":1,"featured_media":0,"parent":0,"menu_order":0,"comment_status":"closed","ping_status":"closed","template":"elementor_header_footer","meta":{"ocean_post_layout":"","ocean_both_sidebars_style":"","ocean_both_sidebars_content_width":0,"ocean_both_sidebars_sidebars_width":0,"ocean_sidebar":"","ocean_second_sidebar":"","ocean_disable_margins":"enable","ocean_add_body_class":"","ocean_shortcode_before_top_bar":"","ocean_shortcode_after_top_bar":"","ocean_shortcode_before_header":"","ocean_shortcode_after_header":"","ocean_has_shortcode":"","ocean_shortcode_after_title":"","ocean_shortcode_before_footer_widgets":"","ocean_shortcode_after_footer_widgets":"","ocean_shortcode_before_footer_bottom":"","ocean_shortcode_after_footer_bottom":"","ocean_display_top_bar":"default","ocean_display_header":"default","ocean_header_style":"","ocean_center_header_left_menu":"","ocean_custom_header_template":"","ocean_custom_logo":0,"ocean_custom_retina_logo":0,"ocean_custom_logo_max_width":0,"ocean_custom_logo_tablet_max_width":0,"ocean_custom_logo_mobile_max_width":0,"ocean_custom_logo_max_height":0,"ocean_custom_logo_tablet_max_height":0,"ocean_custom_logo_mobile_max_height":0,"ocean_header_custom_menu":"","ocean_menu_typo_font_family":"","ocean_menu_typo_font_subset":"","ocean_menu_typo_font_size":0,"ocean_menu_typo_font_size_tablet":0,"ocean_menu_typo_font_size_mobile":0,"ocean_menu_typo_font_size_unit":"px","ocean_menu_typo_font_weight":"","ocean_menu_typo_font_weight_tablet":"","ocean_menu_typo_font_weight_mobile":"","ocean_menu_typo_transform":"","ocean_menu_typo_transform_tablet":"","ocean_menu_typo_transform_mobile":"","ocean_menu_typo_line_height":0,"ocean_menu_typo_line_height_tablet":0,"ocean_menu_typo_line_height_mobile":0,"ocean_menu_typo_line_height_unit":"","ocean_menu_typo_spacing":0,"ocean_menu_typo_spacing_tablet":0,"ocean_menu_typo_spacing_mobile":0,"ocean_menu_typo_spacing_unit":"","ocean_menu_link_color":"","ocean_menu_link_color_hover":"","ocean_menu_link_color_active":"","ocean_menu_link_background":"","ocean_menu_link_hover_background":"","ocean_menu_link_active_background":"","ocean_menu_social_links_bg":"","ocean_menu_social_hover_links_bg":"","ocean_menu_social_links_color":"","ocean_menu_social_hover_links_color":"","ocean_disable_title":"default","ocean_disable_heading":"default","ocean_post_title":"","ocean_post_subheading":"","ocean_post_title_style":"","ocean_post_title_background_color":"","ocean_post_title_background":0,"ocean_post_title_bg_image_position":"","ocean_post_title_bg_image_attachment":"","ocean_post_title_bg_image_repeat":"","ocean_post_title_bg_image_size":"","ocean_post_title_height":0,"ocean_post_title_bg_overlay":0.5,"ocean_post_title_bg_overlay_color":"","ocean_disable_breadcrumbs":"default","ocean_breadcrumbs_color":"","ocean_breadcrumbs_separator_color":"","ocean_breadcrumbs_links_color":"","ocean_breadcrumbs_links_hover_color":"","ocean_display_footer_widgets":"default","ocean_display_footer_bottom":"default","ocean_custom_footer_template":"","omw_enable_modal_window":"enable","footnotes":""},"class_list":["post-1153","page","type-page","status-publish","hentry","entry"],"yoast_head":"<!-- This site is optimized with the Yoast SEO plugin v26.1.1 - https:\/\/yoast.com\/wordpress\/plugins\/seo\/ -->\n<title>Move &amp; Smile \u2013 Danse libre &amp; bien-\u00eatre en Vend\u00e9e avec Alykanya<\/title>\n<meta name=\"description\" content=\"D\u00e9couvrez Move &amp; Smile avec Alykanya : des sessions de danse libre inspir\u00e9es de l\u2019Ecstatic Dance, en int\u00e9rieur ou en ext\u00e9rieur, pour tous les \u00e2ges et tous les lieux. Une exp\u00e9rience joyeuse, saine et f\u00e9d\u00e9ratrice en Vend\u00e9e.\" \/>\n<meta name=\"robots\" content=\"index, follow, max-snippet:-1, max-image-preview:large, max-video-preview:-1\" \/>\n<link rel=\"canonical\" href=\"https:\/\/www.alykanya.fr\/index.php\/move-smile\/\" \/>\n<meta property=\"og:locale\" content=\"fr_FR\" \/>\n<meta property=\"og:type\" content=\"article\" \/>\n<meta property=\"og:title\" content=\"Move &amp; Smile \u2013 Danse libre &amp; bien-\u00eatre en Vend\u00e9e avec Alykanya\" \/>\n<meta property=\"og:description\" content=\"D\u00e9couvrez Move &amp; Smile avec Alykanya : des sessions de danse libre inspir\u00e9es de l\u2019Ecstatic Dance, en int\u00e9rieur ou en ext\u00e9rieur, pour tous les \u00e2ges et tous les lieux. Une exp\u00e9rience joyeuse, saine et f\u00e9d\u00e9ratrice en Vend\u00e9e.\" \/>\n<meta property=\"og:url\" content=\"https:\/\/www.alykanya.fr\/index.php\/move-smile\/\" \/>\n<meta property=\"og:site_name\" content=\"Alykanya.fr\" \/>\n<meta property=\"article:modified_time\" content=\"2025-10-08T18:01:29+00:00\" \/>\n<meta property=\"og:image\" content=\"https:\/\/s.w.org\/images\/core\/emoji\/16.0.1\/svg\/1f449.svg\" \/>\n<meta name=\"twitter:card\" content=\"summary_large_image\" \/>\n<meta name=\"twitter:label1\" content=\"Dur\u00e9e de lecture estim\u00e9e\" \/>\n\t<meta name=\"twitter:data1\" content=\"3 minutes\" \/>\n<script type=\"application\/ld+json\" class=\"yoast-schema-graph\">{\"@context\":\"https:\/\/schema.org\",\"@graph\":[{\"@type\":\"WebPage\",\"@id\":\"https:\/\/www.alykanya.fr\/index.php\/move-smile\/\",\"url\":\"https:\/\/www.alykanya.fr\/index.php\/move-smile\/\",\"name\":\"Move & Smile \u2013 Danse libre & bien-\u00eatre en Vend\u00e9e avec Alykanya\",\"isPartOf\":{\"@id\":\"https:\/\/www.alykanya.fr\/#website\"},\"primaryImageOfPage\":{\"@id\":\"https:\/\/www.alykanya.fr\/index.php\/move-smile\/#primaryimage\"},\"image\":{\"@id\":\"https:\/\/www.alykanya.fr\/index.php\/move-smile\/#primaryimage\"},\"thumbnailUrl\":\"https:\/\/s.w.org\/images\/core\/emoji\/16.0.1\/svg\/1f449.svg\",\"datePublished\":\"2025-05-26T21:41:59+00:00\",\"dateModified\":\"2025-10-08T18:01:29+00:00\",\"description\":\"D\u00e9couvrez Move & Smile avec Alykanya : des sessions de danse libre inspir\u00e9es de l\u2019Ecstatic Dance, en int\u00e9rieur ou en ext\u00e9rieur, pour tous les \u00e2ges et tous les lieux. Une exp\u00e9rience joyeuse, saine et f\u00e9d\u00e9ratrice en Vend\u00e9e.\",\"breadcrumb\":{\"@id\":\"https:\/\/www.alykanya.fr\/index.php\/move-smile\/#breadcrumb\"},\"inLanguage\":\"fr-FR\",\"potentialAction\":[{\"@type\":\"ReadAction\",\"target\":[\"https:\/\/www.alykanya.fr\/index.php\/move-smile\/\"]}]},{\"@type\":\"ImageObject\",\"inLanguage\":\"fr-FR\",\"@id\":\"https:\/\/www.alykanya.fr\/index.php\/move-smile\/#primaryimage\",\"url\":\"https:\/\/s.w.org\/images\/core\/emoji\/16.0.1\/svg\/1f449.svg\",\"contentUrl\":\"https:\/\/s.w.org\/images\/core\/emoji\/16.0.1\/svg\/1f449.svg\"},{\"@type\":\"BreadcrumbList\",\"@id\":\"https:\/\/www.alykanya.fr\/index.php\/move-smile\/#breadcrumb\",\"itemListElement\":[{\"@type\":\"ListItem\",\"position\":1,\"name\":\"Accueil\",\"item\":\"https:\/\/www.alykanya.fr\/\"},{\"@type\":\"ListItem\",\"position\":2,\"name\":\"MOVE &amp; SMILE \u2013 Danse libre &amp; bien-\u00eatre\"}]},{\"@type\":\"WebSite\",\"@id\":\"https:\/\/www.alykanya.fr\/#website\",\"url\":\"https:\/\/www.alykanya.fr\/\",\"name\":\"Alykanya.fr\",\"description\":\"D\u00e9couvrez les danses, concerts et ateliers \u00e0 venir\",\"publisher\":{\"@id\":\"https:\/\/www.alykanya.fr\/#\/schema\/person\/1f5855179a0abf33c222b1156fa7e28e\"},\"potentialAction\":[{\"@type\":\"SearchAction\",\"target\":{\"@type\":\"EntryPoint\",\"urlTemplate\":\"https:\/\/www.alykanya.fr\/?s={search_term_string}\"},\"query-input\":{\"@type\":\"PropertyValueSpecification\",\"valueRequired\":true,\"valueName\":\"search_term_string\"}}],\"inLanguage\":\"fr-FR\"},{\"@type\":[\"Person\",\"Organization\"],\"@id\":\"https:\/\/www.alykanya.fr\/#\/schema\/person\/1f5855179a0abf33c222b1156fa7e28e\",\"name\":\"Alykanya\",\"image\":{\"@type\":\"ImageObject\",\"inLanguage\":\"fr-FR\",\"@id\":\"https:\/\/www.alykanya.fr\/#\/schema\/person\/image\/\",\"url\":\"https:\/\/www.alykanya.fr\/wp-content\/uploads\/2025\/05\/cropped-cropped-cropped-Design-sans-titre-6.png\",\"contentUrl\":\"https:\/\/www.alykanya.fr\/wp-content\/uploads\/2025\/05\/cropped-cropped-cropped-Design-sans-titre-6.png\",\"width\":81,\"height\":63,\"caption\":\"Alykanya\"},\"logo\":{\"@id\":\"https:\/\/www.alykanya.fr\/#\/schema\/person\/image\/\"},\"sameAs\":[\"http:\/\/alykanw.cluster100.hosting.ovh.net\",\"https:\/\/soundcloud.com\/alykanya\/\"]}]}<\/script>\n<!-- \/ Yoast SEO plugin. -->","yoast_head_json":{"title":"Move & Smile \u2013 Danse libre & bien-\u00eatre en Vend\u00e9e avec Alykanya","description":"D\u00e9couvrez Move & Smile avec Alykanya : des sessions de danse libre inspir\u00e9es de l\u2019Ecstatic Dance, en int\u00e9rieur ou en ext\u00e9rieur, pour tous les \u00e2ges et tous les lieux. Une exp\u00e9rience joyeuse, saine et f\u00e9d\u00e9ratrice en Vend\u00e9e.","robots":{"index":"index","follow":"follow","max-snippet":"max-snippet:-1","max-image-preview":"max-image-preview:large","max-video-preview":"max-video-preview:-1"},"canonical":"https:\/\/www.alykanya.fr\/index.php\/move-smile\/","og_locale":"fr_FR","og_type":"article","og_title":"Move & Smile \u2013 Danse libre & bien-\u00eatre en Vend\u00e9e avec Alykanya","og_description":"D\u00e9couvrez Move & Smile avec Alykanya : des sessions de danse libre inspir\u00e9es de l\u2019Ecstatic Dance, en int\u00e9rieur ou en ext\u00e9rieur, pour tous les \u00e2ges et tous les lieux. Une exp\u00e9rience joyeuse, saine et f\u00e9d\u00e9ratrice en Vend\u00e9e.","og_url":"https:\/\/www.alykanya.fr\/index.php\/move-smile\/","og_site_name":"Alykanya.fr","article_modified_time":"2025-10-08T18:01:29+00:00","og_image":[{"url":"https:\/\/s.w.org\/images\/core\/emoji\/16.0.1\/svg\/1f449.svg","type":"","width":"","height":""}],"twitter_card":"summary_large_image","twitter_misc":{"Dur\u00e9e de lecture estim\u00e9e":"3 minutes"},"schema":{"@context":"https:\/\/schema.org","@graph":[{"@type":"WebPage","@id":"https:\/\/www.alykanya.fr\/index.php\/move-smile\/","url":"https:\/\/www.alykanya.fr\/index.php\/move-smile\/","name":"Move & Smile \u2013 Danse libre & bien-\u00eatre en Vend\u00e9e avec Alykanya","isPartOf":{"@id":"https:\/\/www.alykanya.fr\/#website"},"primaryImageOfPage":{"@id":"https:\/\/www.alykanya.fr\/index.php\/move-smile\/#primaryimage"},"image":{"@id":"https:\/\/www.alykanya.fr\/index.php\/move-smile\/#primaryimage"},"thumbnailUrl":"https:\/\/s.w.org\/images\/core\/emoji\/16.0.1\/svg\/1f449.svg","datePublished":"2025-05-26T21:41:59+00:00","dateModified":"2025-10-08T18:01:29+00:00","description":"D\u00e9couvrez Move & Smile avec Alykanya : des sessions de danse libre inspir\u00e9es de l\u2019Ecstatic Dance, en int\u00e9rieur ou en ext\u00e9rieur, pour tous les \u00e2ges et tous les lieux. Une exp\u00e9rience joyeuse, saine et f\u00e9d\u00e9ratrice en Vend\u00e9e.","breadcrumb":{"@id":"https:\/\/www.alykanya.fr\/index.php\/move-smile\/#breadcrumb"},"inLanguage":"fr-FR","potentialAction":[{"@type":"ReadAction","target":["https:\/\/www.alykanya.fr\/index.php\/move-smile\/"]}]},{"@type":"ImageObject","inLanguage":"fr-FR","@id":"https:\/\/www.alykanya.fr\/index.php\/move-smile\/#primaryimage","url":"https:\/\/s.w.org\/images\/core\/emoji\/16.0.1\/svg\/1f449.svg","contentUrl":"https:\/\/s.w.org\/images\/core\/emoji\/16.0.1\/svg\/1f449.svg"},{"@type":"BreadcrumbList","@id":"https:\/\/www.alykanya.fr\/index.php\/move-smile\/#breadcrumb","itemListElement":[{"@type":"ListItem","position":1,"name":"Accueil","item":"https:\/\/www.alykanya.fr\/"},{"@type":"ListItem","position":2,"name":"MOVE &amp; SMILE \u2013 Danse libre &amp; bien-\u00eatre"}]},{"@type":"WebSite","@id":"https:\/\/www.alykanya.fr\/#website","url":"https:\/\/www.alykanya.fr\/","name":"Alykanya.fr","description":"D\u00e9couvrez les danses, concerts et ateliers \u00e0 venir","publisher":{"@id":"https:\/\/www.alykanya.fr\/#\/schema\/person\/1f5855179a0abf33c222b1156fa7e28e"},"potentialAction":[{"@type":"SearchAction","target":{"@type":"EntryPoint","urlTemplate":"https:\/\/www.alykanya.fr\/?s={search_term_string}"},"query-input":{"@type":"PropertyValueSpecification","valueRequired":true,"valueName":"search_term_string"}}],"inLanguage":"fr-FR"},{"@type":["Person","Organization"],"@id":"https:\/\/www.alykanya.fr\/#\/schema\/person\/1f5855179a0abf33c222b1156fa7e28e","name":"Alykanya","image":{"@type":"ImageObject","inLanguage":"fr-FR","@id":"https:\/\/www.alykanya.fr\/#\/schema\/person\/image\/","url":"https:\/\/www.alykanya.fr\/wp-content\/uploads\/2025\/05\/cropped-cropped-cropped-Design-sans-titre-6.png","contentUrl":"https:\/\/www.alykanya.fr\/wp-content\/uploads\/2025\/05\/cropped-cropped-cropped-Design-sans-titre-6.png","width":81,"height":63,"caption":"Alykanya"},"logo":{"@id":"https:\/\/www.alykanya.fr\/#\/schema\/person\/image\/"},"sameAs":["http:\/\/alykanw.cluster100.hosting.ovh.net","https:\/\/soundcloud.com\/alykanya\/"]}]}},"_links":{"self":[{"href":"https:\/\/www.alykanya.fr\/index.php\/wp-json\/wp\/v2\/pages\/1153","targetHints":{"allow":["GET"]}}],"collection":[{"href":"https:\/\/www.alykanya.fr\/index.php\/wp-json\/wp\/v2\/pages"}],"about":[{"href":"https:\/\/www.alykanya.fr\/index.php\/wp-json\/wp\/v2\/types\/page"}],"author":[{"embeddable":true,"href":"https:\/\/www.alykanya.fr\/index.php\/wp-json\/wp\/v2\/users\/1"}],"replies":[{"embeddable":true,"href":"https:\/\/www.alykanya.fr\/index.php\/wp-json\/wp\/v2\/comments?post=1153"}],"version-history":[{"count":14,"href":"https:\/\/www.alykanya.fr\/index.php\/wp-json\/wp\/v2\/pages\/1153\/revisions"}],"predecessor-version":[{"id":1567,"href":"https:\/\/www.alykanya.fr\/index.php\/wp-json\/wp\/v2\/pages\/1153\/revisions\/1567"}],"wp:attachment":[{"href":"https:\/\/www.alykanya.fr\/index.php\/wp-json\/wp\/v2\/media?parent=1153"}],"curies":[{"name":"wp","href":"https:\/\/api.w.org\/{rel}","templated":true}]}}