{"id":1145,"date":"2025-05-26T23:41:17","date_gmt":"2025-05-26T21:41:17","guid":{"rendered":"https:\/\/www.alykanya.fr\/?page_id=1145"},"modified":"2025-10-08T19:51:33","modified_gmt":"2025-10-08T17:51:33","slug":"ecstatic-dance","status":"publish","type":"page","link":"https:\/\/www.alykanya.fr\/index.php\/ecstatic-dance\/","title":{"rendered":"Ecstatic Dance"},"content":{"rendered":"\t\t<div data-elementor-type=\"wp-page\" data-elementor-id=\"1145\" class=\"elementor elementor-1145\">\n\t\t\t\t<div class=\"elementor-element elementor-element-49a52e6 e-flex e-con-boxed e-con e-parent\" data-id=\"49a52e6\" data-element_type=\"container\" data-e-type=\"container\">\n\t\t\t\t\t<div class=\"e-con-inner\">\n\t\t\t\t<div class=\"elementor-element elementor-element-0bd4c47 elementor-widget elementor-widget-text-editor\" data-id=\"0bd4c47\" data-element_type=\"widget\" data-e-type=\"widget\" data-widget_type=\"text-editor.default\">\n\t\t\t\t<div class=\"elementor-widget-container\">\n\t\t\t\t\t\t\t\t\t<h1 data-start=\"227\" data-end=\"262\"><img decoding=\"async\" class=\"emoji\" role=\"img\" draggable=\"false\" src=\"https:\/\/s.w.org\/images\/core\/emoji\/16.0.1\/svg\/1f31e.svg\" alt=\"\ud83c\udf1e\" \/> Ecstatic Dance avec Alykanya<\/h1><p data-start=\"264\" data-end=\"521\">Des espaces de danse libre, joyeuse et bien-\u00eatre, <strong data-start=\"314\" data-end=\"344\">pieds nus et en conscience<\/strong>, dans une ambiance solaire et bienveillante.<br data-start=\"389\" data-end=\"392\" \/>En salle, sur la plage ou lors d\u2019\u00e9v\u00e9nements, je cr\u00e9e des moments o\u00f9 chacun peut <strong data-start=\"472\" data-end=\"518\">se lib\u00e9rer, danser et se reconnecter \u00e0 soi<\/strong>.<\/p><h2 data-start=\"528\" data-end=\"557\">\u00a0<\/h2><h2 data-start=\"528\" data-end=\"557\"><img decoding=\"async\" class=\"emoji\" role=\"img\" draggable=\"false\" src=\"https:\/\/s.w.org\/images\/core\/emoji\/16.0.1\/svg\/1f4cd.svg\" alt=\"\ud83d\udccd\" \/> O\u00f9 danser en Vend\u00e9e ?<\/h2><h3 data-start=\"559\" data-end=\"604\">1. Ecstatic Dance \u2013 La Roche-sur-Yon <img decoding=\"async\" class=\"emoji\" role=\"img\" draggable=\"false\" src=\"https:\/\/s.w.org\/images\/core\/emoji\/16.0.1\/svg\/1f3e2.svg\" alt=\"\ud83c\udfe2\" \/><\/h3><ul data-start=\"605\" data-end=\"737\"><li data-start=\"605\" data-end=\"636\"><p data-start=\"607\" data-end=\"636\"><strong data-start=\"607\" data-end=\"617\">Lieu :<\/strong> Studio Yoga Flow,\u00a0<span class=\"w8qArf FoJoyf\" style=\"font-style: normal; font-variant-ligatures: normal; font-variant-caps: normal; font-weight: bold; color: #1f1f1f; font-family: Arial, sans-serif; font-size: 14px;\">\u00a0<\/span><a style=\"font-size: 14px; background-color: #ffffff; color: #1a0dab; -webkit-tap-highlight-color: rgba(0, 0, 0, 0.1); cursor: pointer;\" tabindex=\"0\" href=\"https:\/\/www.google.com\/maps\/place\/\/data=!4m2!3m1!1s0x48042f8ca2c6216d:0x12714c929958c7b7?sa=X&amp;ved=1t:8290&amp;ictx=111\" target=\"_blank\" rel=\"noopener\" data-url=\"\/maps\/place\/\/data=!4m2!3m1!1s0x48042f8ca2c6216d:0x12714c929958c7b7?sa=X&amp;ved=2ahUKEwjjhOqvxYaQAxU2RaQEHa7ODXkQ4kB6BAgHEAA\">6 Rue St\u00e9phane Guillem\u00e9 5e \u00e9tage, 85000 La Roche-sur-Yon<\/a><\/p><\/li><li data-start=\"637\" data-end=\"672\"><p data-start=\"639\" data-end=\"672\"><strong data-start=\"639\" data-end=\"654\">Fr\u00e9quence :<\/strong> 1 fois par mois<\/p><\/li><li data-start=\"673\" data-end=\"737\"><p data-start=\"675\" data-end=\"737\"><strong data-start=\"675\" data-end=\"690\">Programme :<\/strong> Warm up guid\u00e9\u00a0 + Ecstatic Dance\u00a0<span style=\"font-family: Nunito; font-size: 15px; font-style: normal; font-variant-ligatures: normal; font-variant-caps: normal; font-weight: 400;\">+ bain sonore<\/span><\/p><\/li><\/ul><p data-start=\"739\" data-end=\"850\"><img decoding=\"async\" class=\"emoji\" role=\"img\" draggable=\"false\" src=\"https:\/\/s.w.org\/images\/core\/emoji\/16.0.1\/svg\/1f449.svg\" alt=\"\ud83d\udc49\" \/> Une session en salle pour explorer le mouvement, se reconnecter \u00e0 son \u00e9nergie int\u00e9rieure et se ressourcer.<\/p><p data-start=\"739\" data-end=\"850\"><a href=\"https:\/\/www.alykanya.fr\/index.php\/ecstatic-dance-de-la-roche-sur-yon\/\" target=\"_blank\" rel=\"noopener\">Voir la page d\u00e9di\u00e9e<\/a><\/p><h3 data-start=\"857\" data-end=\"896\">\u00a0<\/h3><h3 data-start=\"857\" data-end=\"896\">2. Ecstatic Dance on the Beach <img decoding=\"async\" class=\"emoji\" role=\"img\" draggable=\"false\" src=\"https:\/\/s.w.org\/images\/core\/emoji\/16.0.1\/svg\/1f30a.svg\" alt=\"\ud83c\udf0a\" \/><\/h3><ul data-start=\"897\" data-end=\"1079\"><li data-start=\"897\" data-end=\"937\"><p data-start=\"899\" data-end=\"937\"><strong data-start=\"899\" data-end=\"912\">P\u00e9riode :<\/strong> de mi-juin \u00e0 septembre<\/p><\/li><li data-start=\"938\" data-end=\"976\"><p data-start=\"940\" data-end=\"976\"><strong data-start=\"940\" data-end=\"950\">Lieu :<\/strong> plage, pieds dans l\u2019eau<\/p><\/li><li data-start=\"977\" data-end=\"1034\"><p data-start=\"979\" data-end=\"1034\"><strong data-start=\"979\" data-end=\"991\">Format :<\/strong> Silent Ecstatic Dance avec casques audio<\/p><\/li><li data-start=\"1035\" data-end=\"1079\"><p data-start=\"1037\" data-end=\"1079\"><strong data-start=\"1037\" data-end=\"1051\">Ambiance :<\/strong> coucher de soleil magique<\/p><\/li><\/ul><p data-start=\"1081\" data-end=\"1217\"><img decoding=\"async\" class=\"emoji\" role=\"img\" draggable=\"false\" src=\"https:\/\/s.w.org\/images\/core\/emoji\/16.0.1\/svg\/1f449.svg\" alt=\"\ud83d\udc49\" \/> Une exp\u00e9rience sensorielle unique o\u00f9 musique et danse deviennent un voyage vibrant.<br data-start=\"1167\" data-end=\"1170\" \/><em data-start=\"1170\" data-end=\"1215\">(Inscriptions via le groupe WhatsApp d\u00e9di\u00e9)<\/em><\/p><h3 data-start=\"1224\" data-end=\"1285\">\u00a0<\/h3><h3 data-start=\"1224\" data-end=\"1285\">3. Ecstatic Dance \u2013 Soir\u00e9es <strong data-start=\"1256\" data-end=\"1281\">Tous N\u00e9s Pour Briller<\/strong> <img decoding=\"async\" class=\"emoji\" role=\"img\" draggable=\"false\" src=\"https:\/\/s.w.org\/images\/core\/emoji\/16.0.1\/svg\/2728.svg\" alt=\"\u2728\" \/><\/h3><ul data-start=\"1286\" data-end=\"1482\"><li data-start=\"1286\" data-end=\"1482\"><p data-start=\"1288\" data-end=\"1482\"><strong data-start=\"1288\" data-end=\"1298\">Lieu :<\/strong> Maison des Douces Heures,\u00a0<a style=\"color: #1a0dab; -webkit-tap-highlight-color: rgba(0, 0, 0, 0.1); font-family: Arial, sans-serif; font-size: 14px; font-style: normal; font-variant-ligatures: normal; font-variant-caps: normal; font-weight: 400; background-color: #ffffff; cursor: pointer;\" tabindex=\"0\" href=\"https:\/\/www.google.com\/maps\/place\/\/data=!4m2!3m1!1s0x48044fc0761cb2d7:0xcdc6777830a2ceb?sa=X&amp;ved=1t:8290&amp;ictx=111\" target=\"_blank\" rel=\"noopener\" data-url=\"\/maps\/place\/\/data=!4m2!3m1!1s0x48044fc0761cb2d7:0xcdc6777830a2ceb?sa=X&amp;ved=2ahUKEwjNtu_qxYaQAxUEVaQEHQDQDIIQ4kB6BAgFEAA\">16 Rue des Tisserands, 85220 Co\u00ebx<\/a><br data-start=\"1329\" data-end=\"1332\" \/><img decoding=\"async\" class=\"emoji\" role=\"img\" draggable=\"false\" src=\"https:\/\/s.w.org\/images\/core\/emoji\/16.0.1\/svg\/1f449.svg\" alt=\"\ud83d\udc49\" \/> Des sessions dans le cadre de nos soir\u00e9es-concerts, pour danser ensemble sur des musiques inspirantes, dans une ambiance conviviale et s\u00e9curis\u00e9e.<\/p><\/li><\/ul><p data-start=\"1288\" data-end=\"1482\"><a href=\"https:\/\/www.alykanya.fr\/index.php\/soirees-tous-nes-pour-briller\/\" target=\"_blank\" rel=\"noopener\"><span style=\"font-size: 15px;\">Voir la page d\u00e9di\u00e9e<\/span><\/a><\/p><h3 data-start=\"1489\" data-end=\"1545\">\u00a0<\/h3><h3 data-start=\"1489\" data-end=\"1545\">4. Ecstatic Dance pour \u00e9v\u00e9nements priv\u00e9s &amp; pros <img decoding=\"async\" class=\"emoji\" role=\"img\" draggable=\"false\" src=\"https:\/\/s.w.org\/images\/core\/emoji\/16.0.1\/svg\/1f389.svg\" alt=\"\ud83c\udf89\" \/><\/h3><ul data-start=\"1546\" data-end=\"1665\"><li data-start=\"1546\" data-end=\"1585\"><p data-start=\"1548\" data-end=\"1585\">Festivals, retraites, anniversaires<\/p><\/li><li data-start=\"1586\" data-end=\"1625\"><p data-start=\"1588\" data-end=\"1625\">Soir\u00e9es d\u2019entreprise, team building, hotels, spas campings &amp; instituts\u00a0<span style=\"font-family: Nunito; font-size: 15px; font-style: normal; font-variant-ligatures: normal; font-variant-caps: normal; font-weight: 400;\">Voir la page d\u00e9di\u00e9e\u00a0<\/span><a style=\"font-family: Nunito; font-size: 15px; font-style: normal; font-variant-ligatures: normal; font-variant-caps: normal; font-weight: 400; background-color: #ffffff; color: #6d8249;\" href=\"https:\/\/www.alykanya.fr\/index.php\/move-smile\/\" target=\"_blank\" rel=\"noopener\">Move&amp;Smile<\/a><\/p><\/li><li data-start=\"1626\" data-end=\"1665\"><p data-start=\"1628\" data-end=\"1665\">Formules avec ou sans casques audio<\/p><\/li><\/ul><p data-start=\"1667\" data-end=\"1761\"><img decoding=\"async\" class=\"emoji\" role=\"img\" draggable=\"false\" src=\"https:\/\/s.w.org\/images\/core\/emoji\/16.0.1\/svg\/1f449.svg\" alt=\"\ud83d\udc49\" \/> Une animation sur-mesure, joyeuse et f\u00e9d\u00e9ratrice, adapt\u00e9e \u00e0 vos besoins.<\/p><h1 data-start=\"194\" data-end=\"235\"><strong style=\"font-family: Aboreto; font-size: 18px;\" data-start=\"1779\" data-end=\"1824\">Retrouvez-moi sur les groupes que j\u2019anime<\/strong><\/h1><ul data-start=\"1827\" data-end=\"1952\"><li data-start=\"1827\" data-end=\"1870\"><p data-start=\"1829\" data-end=\"1870\"><a style=\"font-size: 15px; background-color: #ffffff;\" href=\"https:\/\/www.facebook.com\/groups\/ecstaticdancevendee85\" target=\"_blank\" rel=\"noopener\">Ecstatic Dance Vend\u00e9e 85\u00a0<\/a>(Facebook)<\/p><\/li><li data-start=\"1871\" data-end=\"1913\"><p data-start=\"1873\" data-end=\"1913\"><a style=\"font-size: 15px; background-color: #ffffff;\" href=\"https:\/\/www.facebook.com\/groups\/2354249621585613\" target=\"_blank\" rel=\"noopener\">Fais de ta vie une f\u00eate<\/a>\u00a0(Facebook)<\/p><\/li><li data-start=\"1914\" data-end=\"1952\"><p data-start=\"1916\" data-end=\"1952\"><strong data-start=\"1916\" data-end=\"1950\"><a style=\"font-size: 15px; background-color: #ffffff;\" href=\"https:\/\/whatsapp.com\/channel\/0029VbANV4S6hENuPf7t6j2H\" target=\"_blank\" rel=\"noopener\">Suivre la cha\u00eene Ecstatic Dance Vend\u00e9e sur WhatsApp\u00a0<\/a>\u00a0\u00a0<\/strong><\/p><\/li><\/ul><p data-start=\"1954\" data-end=\"2025\"><img decoding=\"async\" class=\"emoji\" role=\"img\" draggable=\"false\" src=\"https:\/\/s.w.org\/images\/core\/emoji\/16.0.1\/svg\/1f49b.svg\" alt=\"\ud83d\udc9b\" \/> <strong data-start=\"1957\" data-end=\"2023\">Rejoignez la communaut\u00e9, vibrez, dansez et souriez avec nous !<\/strong><\/p>\t\t\t\t\t\t\t\t<\/div>\n\t\t\t\t<\/div>\n\t\t\t\t\t<\/div>\n\t\t\t\t<\/div>\n\t\t<div class=\"elementor-element elementor-element-397414f e-flex e-con-boxed e-con e-parent\" data-id=\"397414f\" data-element_type=\"container\" data-e-type=\"container\">\n\t\t\t\t\t<div class=\"e-con-inner\">\n\t\t\t\t<div class=\"elementor-element elementor-element-33e24c0 elementor-widget elementor-widget-text-editor\" data-id=\"33e24c0\" data-element_type=\"widget\" data-e-type=\"widget\" data-widget_type=\"text-editor.default\">\n\t\t\t\t<div class=\"elementor-widget-container\">\n\t\t\t\t\t\t\t\t\t<h2 data-start=\"2249\" data-end=\"2278\"><img decoding=\"async\" class=\"emoji\" role=\"img\" draggable=\"false\" src=\"https:\/\/s.w.org\/images\/core\/emoji\/16.0.1\/svg\/1f4c5.svg\" alt=\"\ud83d\udcc5\" \/> Prochains rendez-vous<\/h2><p data-start=\"2279\" data-end=\"2304\"><img decoding=\"async\" class=\"emoji\" role=\"img\" draggable=\"false\" src=\"https:\/\/s.w.org\/images\/core\/emoji\/16.0.1\/svg\/1f449.svg\" alt=\"\ud83d\udc49\" \/>\u00a0<a style=\"font-size: 15px; background-color: #ffffff;\" href=\"https:\/\/www.alykanya.fr\/index.php\/programs\/\" target=\"_blank\" rel=\"noopener\">Consultez le programme<\/a><\/p>\t\t\t\t\t\t\t\t<\/div>\n\t\t\t\t<\/div>\n\t\t\t\t\t<\/div>\n\t\t\t\t<\/div>\n\t\t\t\t<\/div>\n\t\t","protected":false},"excerpt":{"rendered":"<p>Ecstatic Dance avec Alykanya Des espaces de danse libre, joyeuse et bien-\u00eatre, pieds nus et en conscience, dans une ambiance solaire et bienveillante.En salle, sur la plage ou lors d\u2019\u00e9v\u00e9nements, je cr\u00e9e des moments o\u00f9 chacun peut se lib\u00e9rer, danser et se reconnecter \u00e0 soi. \u00a0 O\u00f9 danser en Vend\u00e9e ? 1. Ecstatic Dance \u2013 [&hellip;]<\/p>\n","protected":false},"author":1,"featured_media":0,"parent":0,"menu_order":0,"comment_status":"closed","ping_status":"closed","template":"elementor_header_footer","meta":{"ocean_post_layout":"","ocean_both_sidebars_style":"","ocean_both_sidebars_content_width":0,"ocean_both_sidebars_sidebars_width":0,"ocean_sidebar":"","ocean_second_sidebar":"","ocean_disable_margins":"enable","ocean_add_body_class":"","ocean_shortcode_before_top_bar":"","ocean_shortcode_after_top_bar":"","ocean_shortcode_before_header":"","ocean_shortcode_after_header":"","ocean_has_shortcode":"","ocean_shortcode_after_title":"","ocean_shortcode_before_footer_widgets":"","ocean_shortcode_after_footer_widgets":"","ocean_shortcode_before_footer_bottom":"","ocean_shortcode_after_footer_bottom":"","ocean_display_top_bar":"default","ocean_display_header":"default","ocean_header_style":"","ocean_center_header_left_menu":"","ocean_custom_header_template":"","ocean_custom_logo":0,"ocean_custom_retina_logo":0,"ocean_custom_logo_max_width":0,"ocean_custom_logo_tablet_max_width":0,"ocean_custom_logo_mobile_max_width":0,"ocean_custom_logo_max_height":0,"ocean_custom_logo_tablet_max_height":0,"ocean_custom_logo_mobile_max_height":0,"ocean_header_custom_menu":"","ocean_menu_typo_font_family":"","ocean_menu_typo_font_subset":"","ocean_menu_typo_font_size":0,"ocean_menu_typo_font_size_tablet":0,"ocean_menu_typo_font_size_mobile":0,"ocean_menu_typo_font_size_unit":"px","ocean_menu_typo_font_weight":"","ocean_menu_typo_font_weight_tablet":"","ocean_menu_typo_font_weight_mobile":"","ocean_menu_typo_transform":"","ocean_menu_typo_transform_tablet":"","ocean_menu_typo_transform_mobile":"","ocean_menu_typo_line_height":0,"ocean_menu_typo_line_height_tablet":0,"ocean_menu_typo_line_height_mobile":0,"ocean_menu_typo_line_height_unit":"","ocean_menu_typo_spacing":0,"ocean_menu_typo_spacing_tablet":0,"ocean_menu_typo_spacing_mobile":0,"ocean_menu_typo_spacing_unit":"","ocean_menu_link_color":"","ocean_menu_link_color_hover":"","ocean_menu_link_color_active":"","ocean_menu_link_background":"","ocean_menu_link_hover_background":"","ocean_menu_link_active_background":"","ocean_menu_social_links_bg":"","ocean_menu_social_hover_links_bg":"","ocean_menu_social_links_color":"","ocean_menu_social_hover_links_color":"","ocean_disable_title":"default","ocean_disable_heading":"default","ocean_post_title":"","ocean_post_subheading":"","ocean_post_title_style":"","ocean_post_title_background_color":"","ocean_post_title_background":0,"ocean_post_title_bg_image_position":"","ocean_post_title_bg_image_attachment":"","ocean_post_title_bg_image_repeat":"","ocean_post_title_bg_image_size":"","ocean_post_title_height":0,"ocean_post_title_bg_overlay":0.5,"ocean_post_title_bg_overlay_color":"","ocean_disable_breadcrumbs":"default","ocean_breadcrumbs_color":"","ocean_breadcrumbs_separator_color":"","ocean_breadcrumbs_links_color":"","ocean_breadcrumbs_links_hover_color":"","ocean_display_footer_widgets":"default","ocean_display_footer_bottom":"default","ocean_custom_footer_template":"","omw_enable_modal_window":"enable","footnotes":""},"class_list":["post-1145","page","type-page","status-publish","hentry","entry"],"yoast_head":"<!-- This site is optimized with the Yoast SEO plugin v26.1.1 - https:\/\/yoast.com\/wordpress\/plugins\/seo\/ -->\n<title>Ecstatic Dance en Vend\u00e9e \u2013 Voyages dans\u00e9s avec Alykanya<\/title>\n<meta name=\"description\" content=\"Participe \u00e0 des sessions d\u2019Ecstatic Dance en Vend\u00e9e avec Alykanya : danse libre, voyages dans\u00e9s, bien-\u00eatre, cercles de chant et exp\u00e9riences vibratoires pour lib\u00e9rer le corps, apaiser le mental et c\u00e9l\u00e9brer la vie.\" \/>\n<meta name=\"robots\" content=\"index, follow, max-snippet:-1, max-image-preview:large, max-video-preview:-1\" \/>\n<link rel=\"canonical\" href=\"https:\/\/www.alykanya.fr\/index.php\/ecstatic-dance\/\" \/>\n<meta property=\"og:locale\" content=\"fr_FR\" \/>\n<meta property=\"og:type\" content=\"article\" \/>\n<meta property=\"og:title\" content=\"Ecstatic Dance en Vend\u00e9e \u2013 Voyages dans\u00e9s avec Alykanya\" \/>\n<meta property=\"og:description\" content=\"Participe \u00e0 des sessions d\u2019Ecstatic Dance en Vend\u00e9e avec Alykanya : danse libre, voyages dans\u00e9s, bien-\u00eatre, cercles de chant et exp\u00e9riences vibratoires pour lib\u00e9rer le corps, apaiser le mental et c\u00e9l\u00e9brer la vie.\" \/>\n<meta property=\"og:url\" content=\"https:\/\/www.alykanya.fr\/index.php\/ecstatic-dance\/\" \/>\n<meta property=\"og:site_name\" content=\"Alykanya.fr\" \/>\n<meta property=\"article:modified_time\" content=\"2025-10-08T17:51:33+00:00\" \/>\n<meta property=\"og:image\" content=\"https:\/\/s.w.org\/images\/core\/emoji\/16.0.1\/svg\/1f31e.svg\" \/>\n<meta name=\"twitter:card\" content=\"summary_large_image\" \/>\n<meta name=\"twitter:label1\" content=\"Dur\u00e9e de lecture estim\u00e9e\" \/>\n\t<meta name=\"twitter:data1\" content=\"4 minutes\" \/>\n<script type=\"application\/ld+json\" class=\"yoast-schema-graph\">{\"@context\":\"https:\/\/schema.org\",\"@graph\":[{\"@type\":\"WebPage\",\"@id\":\"https:\/\/www.alykanya.fr\/index.php\/ecstatic-dance\/\",\"url\":\"https:\/\/www.alykanya.fr\/index.php\/ecstatic-dance\/\",\"name\":\"Ecstatic Dance en Vend\u00e9e \u2013 Voyages dans\u00e9s avec Alykanya\",\"isPartOf\":{\"@id\":\"https:\/\/www.alykanya.fr\/#website\"},\"primaryImageOfPage\":{\"@id\":\"https:\/\/www.alykanya.fr\/index.php\/ecstatic-dance\/#primaryimage\"},\"image\":{\"@id\":\"https:\/\/www.alykanya.fr\/index.php\/ecstatic-dance\/#primaryimage\"},\"thumbnailUrl\":\"https:\/\/s.w.org\/images\/core\/emoji\/16.0.1\/svg\/1f31e.svg\",\"datePublished\":\"2025-05-26T21:41:17+00:00\",\"dateModified\":\"2025-10-08T17:51:33+00:00\",\"description\":\"Participe \u00e0 des sessions d\u2019Ecstatic Dance en Vend\u00e9e avec Alykanya : danse libre, voyages dans\u00e9s, bien-\u00eatre, cercles de chant et exp\u00e9riences vibratoires pour lib\u00e9rer le corps, apaiser le mental et c\u00e9l\u00e9brer la vie.\",\"breadcrumb\":{\"@id\":\"https:\/\/www.alykanya.fr\/index.php\/ecstatic-dance\/#breadcrumb\"},\"inLanguage\":\"fr-FR\",\"potentialAction\":[{\"@type\":\"ReadAction\",\"target\":[\"https:\/\/www.alykanya.fr\/index.php\/ecstatic-dance\/\"]}]},{\"@type\":\"ImageObject\",\"inLanguage\":\"fr-FR\",\"@id\":\"https:\/\/www.alykanya.fr\/index.php\/ecstatic-dance\/#primaryimage\",\"url\":\"https:\/\/s.w.org\/images\/core\/emoji\/16.0.1\/svg\/1f31e.svg\",\"contentUrl\":\"https:\/\/s.w.org\/images\/core\/emoji\/16.0.1\/svg\/1f31e.svg\"},{\"@type\":\"BreadcrumbList\",\"@id\":\"https:\/\/www.alykanya.fr\/index.php\/ecstatic-dance\/#breadcrumb\",\"itemListElement\":[{\"@type\":\"ListItem\",\"position\":1,\"name\":\"Accueil\",\"item\":\"https:\/\/www.alykanya.fr\/\"},{\"@type\":\"ListItem\",\"position\":2,\"name\":\"Ecstatic Dance\"}]},{\"@type\":\"WebSite\",\"@id\":\"https:\/\/www.alykanya.fr\/#website\",\"url\":\"https:\/\/www.alykanya.fr\/\",\"name\":\"Alykanya.fr\",\"description\":\"D\u00e9couvrez les danses, concerts et ateliers \u00e0 venir\",\"publisher\":{\"@id\":\"https:\/\/www.alykanya.fr\/#\/schema\/person\/1f5855179a0abf33c222b1156fa7e28e\"},\"potentialAction\":[{\"@type\":\"SearchAction\",\"target\":{\"@type\":\"EntryPoint\",\"urlTemplate\":\"https:\/\/www.alykanya.fr\/?s={search_term_string}\"},\"query-input\":{\"@type\":\"PropertyValueSpecification\",\"valueRequired\":true,\"valueName\":\"search_term_string\"}}],\"inLanguage\":\"fr-FR\"},{\"@type\":[\"Person\",\"Organization\"],\"@id\":\"https:\/\/www.alykanya.fr\/#\/schema\/person\/1f5855179a0abf33c222b1156fa7e28e\",\"name\":\"Alykanya\",\"image\":{\"@type\":\"ImageObject\",\"inLanguage\":\"fr-FR\",\"@id\":\"https:\/\/www.alykanya.fr\/#\/schema\/person\/image\/\",\"url\":\"https:\/\/www.alykanya.fr\/wp-content\/uploads\/2025\/05\/cropped-cropped-cropped-Design-sans-titre-6.png\",\"contentUrl\":\"https:\/\/www.alykanya.fr\/wp-content\/uploads\/2025\/05\/cropped-cropped-cropped-Design-sans-titre-6.png\",\"width\":81,\"height\":63,\"caption\":\"Alykanya\"},\"logo\":{\"@id\":\"https:\/\/www.alykanya.fr\/#\/schema\/person\/image\/\"},\"sameAs\":[\"http:\/\/alykanw.cluster100.hosting.ovh.net\",\"https:\/\/soundcloud.com\/alykanya\/\"]}]}<\/script>\n<!-- \/ Yoast SEO plugin. -->","yoast_head_json":{"title":"Ecstatic Dance en Vend\u00e9e \u2013 Voyages dans\u00e9s avec Alykanya","description":"Participe \u00e0 des sessions d\u2019Ecstatic Dance en Vend\u00e9e avec Alykanya : danse libre, voyages dans\u00e9s, bien-\u00eatre, cercles de chant et exp\u00e9riences vibratoires pour lib\u00e9rer le corps, apaiser le mental et c\u00e9l\u00e9brer la vie.","robots":{"index":"index","follow":"follow","max-snippet":"max-snippet:-1","max-image-preview":"max-image-preview:large","max-video-preview":"max-video-preview:-1"},"canonical":"https:\/\/www.alykanya.fr\/index.php\/ecstatic-dance\/","og_locale":"fr_FR","og_type":"article","og_title":"Ecstatic Dance en Vend\u00e9e \u2013 Voyages dans\u00e9s avec Alykanya","og_description":"Participe \u00e0 des sessions d\u2019Ecstatic Dance en Vend\u00e9e avec Alykanya : danse libre, voyages dans\u00e9s, bien-\u00eatre, cercles de chant et exp\u00e9riences vibratoires pour lib\u00e9rer le corps, apaiser le mental et c\u00e9l\u00e9brer la vie.","og_url":"https:\/\/www.alykanya.fr\/index.php\/ecstatic-dance\/","og_site_name":"Alykanya.fr","article_modified_time":"2025-10-08T17:51:33+00:00","og_image":[{"url":"https:\/\/s.w.org\/images\/core\/emoji\/16.0.1\/svg\/1f31e.svg","type":"","width":"","height":""}],"twitter_card":"summary_large_image","twitter_misc":{"Dur\u00e9e de lecture estim\u00e9e":"4 minutes"},"schema":{"@context":"https:\/\/schema.org","@graph":[{"@type":"WebPage","@id":"https:\/\/www.alykanya.fr\/index.php\/ecstatic-dance\/","url":"https:\/\/www.alykanya.fr\/index.php\/ecstatic-dance\/","name":"Ecstatic Dance en Vend\u00e9e \u2013 Voyages dans\u00e9s avec Alykanya","isPartOf":{"@id":"https:\/\/www.alykanya.fr\/#website"},"primaryImageOfPage":{"@id":"https:\/\/www.alykanya.fr\/index.php\/ecstatic-dance\/#primaryimage"},"image":{"@id":"https:\/\/www.alykanya.fr\/index.php\/ecstatic-dance\/#primaryimage"},"thumbnailUrl":"https:\/\/s.w.org\/images\/core\/emoji\/16.0.1\/svg\/1f31e.svg","datePublished":"2025-05-26T21:41:17+00:00","dateModified":"2025-10-08T17:51:33+00:00","description":"Participe \u00e0 des sessions d\u2019Ecstatic Dance en Vend\u00e9e avec Alykanya : danse libre, voyages dans\u00e9s, bien-\u00eatre, cercles de chant et exp\u00e9riences vibratoires pour lib\u00e9rer le corps, apaiser le mental et c\u00e9l\u00e9brer la vie.","breadcrumb":{"@id":"https:\/\/www.alykanya.fr\/index.php\/ecstatic-dance\/#breadcrumb"},"inLanguage":"fr-FR","potentialAction":[{"@type":"ReadAction","target":["https:\/\/www.alykanya.fr\/index.php\/ecstatic-dance\/"]}]},{"@type":"ImageObject","inLanguage":"fr-FR","@id":"https:\/\/www.alykanya.fr\/index.php\/ecstatic-dance\/#primaryimage","url":"https:\/\/s.w.org\/images\/core\/emoji\/16.0.1\/svg\/1f31e.svg","contentUrl":"https:\/\/s.w.org\/images\/core\/emoji\/16.0.1\/svg\/1f31e.svg"},{"@type":"BreadcrumbList","@id":"https:\/\/www.alykanya.fr\/index.php\/ecstatic-dance\/#breadcrumb","itemListElement":[{"@type":"ListItem","position":1,"name":"Accueil","item":"https:\/\/www.alykanya.fr\/"},{"@type":"ListItem","position":2,"name":"Ecstatic Dance"}]},{"@type":"WebSite","@id":"https:\/\/www.alykanya.fr\/#website","url":"https:\/\/www.alykanya.fr\/","name":"Alykanya.fr","description":"D\u00e9couvrez les danses, concerts et ateliers \u00e0 venir","publisher":{"@id":"https:\/\/www.alykanya.fr\/#\/schema\/person\/1f5855179a0abf33c222b1156fa7e28e"},"potentialAction":[{"@type":"SearchAction","target":{"@type":"EntryPoint","urlTemplate":"https:\/\/www.alykanya.fr\/?s={search_term_string}"},"query-input":{"@type":"PropertyValueSpecification","valueRequired":true,"valueName":"search_term_string"}}],"inLanguage":"fr-FR"},{"@type":["Person","Organization"],"@id":"https:\/\/www.alykanya.fr\/#\/schema\/person\/1f5855179a0abf33c222b1156fa7e28e","name":"Alykanya","image":{"@type":"ImageObject","inLanguage":"fr-FR","@id":"https:\/\/www.alykanya.fr\/#\/schema\/person\/image\/","url":"https:\/\/www.alykanya.fr\/wp-content\/uploads\/2025\/05\/cropped-cropped-cropped-Design-sans-titre-6.png","contentUrl":"https:\/\/www.alykanya.fr\/wp-content\/uploads\/2025\/05\/cropped-cropped-cropped-Design-sans-titre-6.png","width":81,"height":63,"caption":"Alykanya"},"logo":{"@id":"https:\/\/www.alykanya.fr\/#\/schema\/person\/image\/"},"sameAs":["http:\/\/alykanw.cluster100.hosting.ovh.net","https:\/\/soundcloud.com\/alykanya\/"]}]}},"_links":{"self":[{"href":"https:\/\/www.alykanya.fr\/index.php\/wp-json\/wp\/v2\/pages\/1145","targetHints":{"allow":["GET"]}}],"collection":[{"href":"https:\/\/www.alykanya.fr\/index.php\/wp-json\/wp\/v2\/pages"}],"about":[{"href":"https:\/\/www.alykanya.fr\/index.php\/wp-json\/wp\/v2\/types\/page"}],"author":[{"embeddable":true,"href":"https:\/\/www.alykanya.fr\/index.php\/wp-json\/wp\/v2\/users\/1"}],"replies":[{"embeddable":true,"href":"https:\/\/www.alykanya.fr\/index.php\/wp-json\/wp\/v2\/comments?post=1145"}],"version-history":[{"count":29,"href":"https:\/\/www.alykanya.fr\/index.php\/wp-json\/wp\/v2\/pages\/1145\/revisions"}],"predecessor-version":[{"id":1582,"href":"https:\/\/www.alykanya.fr\/index.php\/wp-json\/wp\/v2\/pages\/1145\/revisions\/1582"}],"wp:attachment":[{"href":"https:\/\/www.alykanya.fr\/index.php\/wp-json\/wp\/v2\/media?parent=1145"}],"curies":[{"name":"wp","href":"https:\/\/api.w.org\/{rel}","templated":true}]}}